{"id":16,"date":"2023-04-18T07:44:46","date_gmt":"2023-04-18T07:44:46","guid":{"rendered":"https:\/\/onegoal.qodeinteractive.com\/?page_id=16"},"modified":"2025-03-19T10:05:30","modified_gmt":"2025-03-19T09:05:30","slug":"home","status":"publish","type":"page","link":"https:\/\/www.wertec-gmbh.at\/de\/","title":{"rendered":"Startseite"},"content":{"rendered":"<div data-elementor-type=\"wp-page\" data-elementor-id=\"16\" class=\"elementor elementor-16\" data-elementor-post-type=\"page\">\n\t\t\t\t\t\t<section class=\"elementor-section elementor-top-section elementor-element elementor-element-5e93fe9 elementor-section-full_width elementor-section-height-default elementor-section-height-default\" data-id=\"5e93fe9\" data-element_type=\"section\">\n\t\t\t\t\t\t<div class=\"elementor-container elementor-column-gap-no\">\n\t\t\t\t\t<div class=\"elementor-column elementor-col-100 elementor-top-column elementor-element elementor-element-938c26a\" data-id=\"938c26a\" data-element_type=\"column\">\n\t\t\t<div class=\"elementor-widget-wrap elementor-element-populated\">\n\t\t\t\t\t\t<div class=\"elementor-element elementor-element-bfb16af elementor-widget elementor-widget-onegoal_core_textual_projects_showcase\" data-id=\"bfb16af\" data-element_type=\"widget\" data-widget_type=\"onegoal_core_textual_projects_showcase.default\">\n\t\t\t\t<div class=\"elementor-widget-container\">\n\t\t\t<div class=\"qodef-shortcode qodef-m  qodef-textual-projects-showcase qodef--has-appear qodef-textual-projects-showcase-649  qodef-alignment--left\">\n\t<div class=\"qodef-e-holder-inner\" style=\"font-size: 45px;line-height: 1.09em\">\n\t\t\t\t\t\t\t\t\t\t\t\t\t<span class=\"qodef-e-text   qodef-e\">\n\t\t\t\t\t\t\tExploring\t\t\t\t\t<\/span>\n\t\t\t<span class=\"qodef-e-text   qodef-e\">\n\t\t\t\t\t\t\tnature\t\t\t\t\t<\/span>\n\t\t\t\t\t\t\t\t<div class=\"qodef-e-media-holder qodef-e\" style=\"--image-width: 60px;--image-width1440: 36px;--image-width680: 30px\">\n\t<div class=\"qodef-e-image\">\n\t\t\t\t\t<img decoding=\"async\" width=\"120\" height=\"120\" src=\"https:\/\/www.wertec-gmbh.at\/wp-content\/uploads\/wertec-text-011850.png\" class=\"qodef--main\" alt=\"Wertec Text 011850\" srcset=\"https:\/\/www.wertec-gmbh.at\/wp-content\/uploads\/wertec-text-011850.png 120w, https:\/\/www.wertec-gmbh.at\/wp-content\/uploads\/wertec-text-011850-12x12.png 12w\" sizes=\"(max-width: 120px) 100vw, 120px\" \/>\t\t\t\t<\/div>\n<\/div>\n\t\t\t\t\t\t\t\t\t\t\t<span class=\"qodef-e-text   qodef-e\">\n\t\t\t\t\t\t\tto\t\t\t\t\t<\/span>\n\t\t\t<span class=\"qodef-e-text   qodef-e\">\n\t\t\t\t\t\t\ttransform\t\t\t\t\t<\/span>\n\t\t\t\t\t\t\t\t\t\t\t\t<span class=\"qodef-e-text   qodef-e\">\n\t\t\t\t\t\t\tindustrial\t\t\t\t\t<\/span>\n\t\t\t<span class=\"qodef-e-text   qodef-e\">\n\t\t\t\t\t\t\tchemistry\t\t\t\t\t<\/span>\n\t\t\t\t\t\t\t<\/div>\n<\/div>\n\t\t<\/div>\n\t\t\t\t<\/div>\n\t\t\t\t\t<\/div>\n\t\t<\/div>\n\t\t\t\t\t<\/div>\n\t\t<\/section>\n\t\t\t\t<section class=\"elementor-section elementor-top-section elementor-element elementor-element-d891bba elementor-section-full_width elementor-section-height-min-height elementor-section-height-default elementor-section-items-middle\" data-id=\"d891bba\" data-element_type=\"section\">\n\t\t\t\t\t\t<div class=\"elementor-container elementor-column-gap-default\">\n\t\t\t\t\t<div class=\"elementor-column elementor-col-100 elementor-top-column elementor-element elementor-element-6fb7968\" data-id=\"6fb7968\" data-element_type=\"column\">\n\t\t\t<div class=\"elementor-widget-wrap\">\n\t\t\t\t\t\t\t<\/div>\n\t\t<\/div>\n\t\t\t\t\t<\/div>\n\t\t<\/section>\n\t\t\t\t<section class=\"elementor-section elementor-top-section elementor-element elementor-element-ee495f8 elementor-section-full_width qodef-elementor-content-grid elementor-section-height-default elementor-section-height-default\" data-id=\"ee495f8\" data-element_type=\"section\">\n\t\t\t\t\t\t<div class=\"elementor-container elementor-column-gap-no\">\n\t\t\t\t\t<div class=\"elementor-column elementor-col-50 elementor-top-column elementor-element elementor-element-5b0e4a8\" data-id=\"5b0e4a8\" data-element_type=\"column\">\n\t\t\t<div class=\"elementor-widget-wrap elementor-element-populated\">\n\t\t\t\t\t\t<div class=\"elementor-element elementor-element-4ed8967 elementor-widget elementor-widget-onegoal_core_section_title\" data-id=\"4ed8967\" data-element_type=\"widget\" data-widget_type=\"onegoal_core_section_title.default\">\n\t\t\t\t<div class=\"elementor-widget-container\">\n\t\t\t<div class=\"qodef-shortcode qodef-m  qodef-section-title qodef-alignment--left\">\n\t\t<div class=\"qodef-m-subtitle\" >\n\t\t\u00dcber uns\t<\/div>\n\t\t<h2 class=\"qodef-m-title translation-block\" >Entwicklung nachhaltiger L\u00f6sungen in der industriellen Chemie<\/h2>\n\t<\/div>\n\t\t<\/div>\n\t\t\t\t<\/div>\n\t\t\t\t\t<\/div>\n\t\t<\/div>\n\t\t\t\t<div class=\"elementor-column elementor-col-50 elementor-top-column elementor-element elementor-element-3e7da8f\" data-id=\"3e7da8f\" data-element_type=\"column\">\n\t\t\t<div class=\"elementor-widget-wrap elementor-element-populated\">\n\t\t\t\t\t\t<div class=\"elementor-element elementor-element-57fa65a elementor-widget elementor-widget-text-editor\" data-id=\"57fa65a\" data-element_type=\"widget\" data-widget_type=\"text-editor.default\">\n\t\t\t\t<div class=\"elementor-widget-container\">\n\t\t\t\t\t\t\t<p><span style=\"color: rgb(27, 57, 66); background-color: rgb(255, 255, 255);\">Ganz gleich, ob Sie die auf fossilen Rohstoffen basierenden Zusatzstoffe durch nachhaltige ersetzen m\u00fcssen, eine Antwort auf eine komplexe chemische Herausforderung suchen oder zus\u00e4tzliche F&amp;E-Kr\u00e4fte zur Unterst\u00fctzung Ihrer internen Entwicklungen ben\u00f6tigen - wir sind hier, um Ihr zuverl\u00e4ssiger Partner zu werden und Ihnen die bestm\u00f6glichen Arbeitsl\u00f6sungen zu bieten.<\/span><br><\/p>\t\t\t\t\t\t<\/div>\n\t\t\t\t<\/div>\n\t\t\t\t\t<\/div>\n\t\t<\/div>\n\t\t\t\t\t<\/div>\n\t\t<\/section>\n\t\t\t\t<section class=\"elementor-section elementor-top-section elementor-element elementor-element-7dd3ae8 elementor-section-full_width qodef-elementor-content-grid elementor-section-height-default elementor-section-height-default\" data-id=\"7dd3ae8\" data-element_type=\"section\">\n\t\t\t\t\t\t<div class=\"elementor-container elementor-column-gap-no\">\n\t\t\t\t\t<div class=\"elementor-column elementor-col-33 elementor-top-column elementor-element elementor-element-dfad692\" data-id=\"dfad692\" data-element_type=\"column\">\n\t\t\t<div class=\"elementor-widget-wrap elementor-element-populated\">\n\t\t\t\t\t\t<div class=\"elementor-element elementor-element-8dccbc9 elementor-widget elementor-widget-onegoal_core_info_section\" data-id=\"8dccbc9\" data-element_type=\"widget\" data-widget_type=\"onegoal_core_info_section.default\">\n\t\t\t\t<div class=\"elementor-widget-container\">\n\t\t\t<div class=\"qodef-shortcode qodef-m  qodef-info-section qodef-layout--background-text   qodef-background-text-pos--top-left\">\n\t<div class=\"qodef-m-background-text\">\n\t\t\t<\/div>\n\t<div class=\"qodef-m-info\">\n\t\t\t<div class=\"qodef-m-image\">\n\t\t<img fetchpriority=\"high\" decoding=\"async\" width=\"1000\" height=\"1000\" src=\"https:\/\/www.wertec-gmbh.at\/wp-content\/uploads\/wertec-home-081133.jpg\" class=\"attachment-full size-full\" alt=\"Wertec Home 081133\" srcset=\"https:\/\/www.wertec-gmbh.at\/wp-content\/uploads\/wertec-home-081133.jpg 1000w, https:\/\/www.wertec-gmbh.at\/wp-content\/uploads\/wertec-home-081133-300x300.jpg 300w, https:\/\/www.wertec-gmbh.at\/wp-content\/uploads\/wertec-home-081133-150x150.jpg 150w, https:\/\/www.wertec-gmbh.at\/wp-content\/uploads\/wertec-home-081133-768x768.jpg 768w, https:\/\/www.wertec-gmbh.at\/wp-content\/uploads\/wertec-home-081133-12x12.jpg 12w, https:\/\/www.wertec-gmbh.at\/wp-content\/uploads\/wertec-home-081133-650x650.jpg 650w\" sizes=\"(max-width: 1000px) 100vw, 1000px\" \/>\t<\/div>\n\t\t\t<h4 class=\"qodef-m-title\" >\n\t\tUnsere Vision\t<\/h4>\n\t\t\t<p class=\"qodef-m-text\" >Unsere Vision ist, durch Chemische\nInnovationen den industriellen Erfolg zu f\u00f6rdern, unsere Partner und Kunden zu st\u00e4rken, eine\nVorreiterrolle bei globalen Herausforderungen zur Verbesserung des Lebens zu \u00fcbernehmen.<\/p>\n\t\t\t<div class=\"qodef-m-button\">\n\t\t<a class=\"qodef-shortcode qodef-m  qodef-button qodef-layout--textual  qodef-html--link\" href=\"\/de\/about-us\/\" target=\"_self\"  >\t<span class=\"qodef-m-text\">mehr \u00fcber uns<\/span>\t<span class=\"qodef-m-arrow\">\t\t<svg class=\"qodef-svg--arrow-top-right\" xmlns=\"http:\/\/www.w3.org\/2000\/svg\" width=\"10\" height=\"10\" viewbox=\"0 0 10.00 10.00\"><path d=\"M1.018 10.009 0 8.991l7.569-7.582H1.723L1.737 0h8.26v8.274H8.574l.013-5.847Z\"\/><path d=\"M1.018 10.009 0 8.991l7.569-7.582H1.723L1.737 0h8.26v8.274H8.574l.013-5.847Z\"\/><\/svg>\t<\/span><\/a>\t<\/div>\n\t<\/div>\n<\/div>\n\t\t<\/div>\n\t\t\t\t<\/div>\n\t\t\t\t\t<\/div>\n\t\t<\/div>\n\t\t\t\t<div class=\"elementor-column elementor-col-33 elementor-top-column elementor-element elementor-element-ea6a136\" data-id=\"ea6a136\" data-element_type=\"column\">\n\t\t\t<div class=\"elementor-widget-wrap elementor-element-populated\">\n\t\t\t\t\t\t<div class=\"elementor-element elementor-element-1ad14b6 elementor-widget elementor-widget-onegoal_core_info_section\" data-id=\"1ad14b6\" data-element_type=\"widget\" data-widget_type=\"onegoal_core_info_section.default\">\n\t\t\t\t<div class=\"elementor-widget-container\">\n\t\t\t<div class=\"qodef-shortcode qodef-m  qodef-info-section qodef-layout--background-text   qodef-background-text-pos--top-left\">\n\t<div class=\"qodef-m-background-text\">\n\t\t\t<\/div>\n\t<div class=\"qodef-m-info\">\n\t\t\t<div class=\"qodef-m-image\">\n\t\t<img decoding=\"async\" width=\"1000\" height=\"1000\" src=\"https:\/\/www.wertec-gmbh.at\/wp-content\/uploads\/wertec-home-061242.jpg\" class=\"attachment-full size-full\" alt=\"Wertec Home 061242\" srcset=\"https:\/\/www.wertec-gmbh.at\/wp-content\/uploads\/wertec-home-061242.jpg 1000w, https:\/\/www.wertec-gmbh.at\/wp-content\/uploads\/wertec-home-061242-300x300.jpg 300w, https:\/\/www.wertec-gmbh.at\/wp-content\/uploads\/wertec-home-061242-150x150.jpg 150w, https:\/\/www.wertec-gmbh.at\/wp-content\/uploads\/wertec-home-061242-768x768.jpg 768w, https:\/\/www.wertec-gmbh.at\/wp-content\/uploads\/wertec-home-061242-12x12.jpg 12w, https:\/\/www.wertec-gmbh.at\/wp-content\/uploads\/wertec-home-061242-650x650.jpg 650w\" sizes=\"(max-width: 1000px) 100vw, 1000px\" \/>\t<\/div>\n\t\t\t<h4 class=\"qodef-m-title\" >\n\t\tUnser Wertversprechen\t<\/h4>\n\t\t\t<p class=\"qodef-m-text\" >Durch unsere fachkundige Unterst\u00fctzung in der chemischen Forschung und Entwicklung stehen wir Ihnen zur Seite, um Ihre Entwicklung voranzutreiben - damit Sie schneller innovativ werden, effizienter arbeiten und Ihre Ziele in Bezug auf Herstellung und Nachhaltigkeit erreichen k\u00f6nnen. <\/p>\n\t\t\t<div class=\"qodef-m-button\">\n\t\t<a class=\"qodef-shortcode qodef-m  qodef-button qodef-layout--textual  qodef-html--link\" href=\"\/de\/about-us\/\" target=\"_self\"  >\t<span class=\"qodef-m-text\">mehr \u00fcber uns<\/span>\t<span class=\"qodef-m-arrow\">\t\t<svg class=\"qodef-svg--arrow-top-right\" xmlns=\"http:\/\/www.w3.org\/2000\/svg\" width=\"10\" height=\"10\" viewbox=\"0 0 10.00 10.00\"><path d=\"M1.018 10.009 0 8.991l7.569-7.582H1.723L1.737 0h8.26v8.274H8.574l.013-5.847Z\"\/><path d=\"M1.018 10.009 0 8.991l7.569-7.582H1.723L1.737 0h8.26v8.274H8.574l.013-5.847Z\"\/><\/svg>\t<\/span><\/a>\t<\/div>\n\t<\/div>\n<\/div>\n\t\t<\/div>\n\t\t\t\t<\/div>\n\t\t\t\t\t<\/div>\n\t\t<\/div>\n\t\t\t\t<div class=\"elementor-column elementor-col-33 elementor-top-column elementor-element elementor-element-065a6ae\" data-id=\"065a6ae\" data-element_type=\"column\">\n\t\t\t<div class=\"elementor-widget-wrap elementor-element-populated\">\n\t\t\t\t\t\t<div class=\"elementor-element elementor-element-eb6123f elementor-widget elementor-widget-onegoal_core_info_section\" data-id=\"eb6123f\" data-element_type=\"widget\" data-widget_type=\"onegoal_core_info_section.default\">\n\t\t\t\t<div class=\"elementor-widget-container\">\n\t\t\t<div class=\"qodef-shortcode qodef-m  qodef-info-section qodef-layout--background-text   qodef-background-text-pos--top-left\">\n\t<div class=\"qodef-m-background-text\">\n\t\t\t<\/div>\n\t<div class=\"qodef-m-info\">\n\t\t\t<div class=\"qodef-m-image\">\n\t\t<img loading=\"lazy\" decoding=\"async\" width=\"1000\" height=\"1000\" src=\"https:\/\/www.wertec-gmbh.at\/wp-content\/uploads\/wertec-home-091155.jpg\" class=\"attachment-full size-full\" alt=\"Wertec Home 091155\" srcset=\"https:\/\/www.wertec-gmbh.at\/wp-content\/uploads\/wertec-home-091155.jpg 1000w, https:\/\/www.wertec-gmbh.at\/wp-content\/uploads\/wertec-home-091155-300x300.jpg 300w, https:\/\/www.wertec-gmbh.at\/wp-content\/uploads\/wertec-home-091155-150x150.jpg 150w, https:\/\/www.wertec-gmbh.at\/wp-content\/uploads\/wertec-home-091155-768x768.jpg 768w, https:\/\/www.wertec-gmbh.at\/wp-content\/uploads\/wertec-home-091155-12x12.jpg 12w, https:\/\/www.wertec-gmbh.at\/wp-content\/uploads\/wertec-home-091155-650x650.jpg 650w\" sizes=\"(max-width: 1000px) 100vw, 1000px\" \/>\t<\/div>\n\t\t\t<h4 class=\"qodef-m-title\" >\n\t\tUnsere Mission\t<\/h4>\n\t\t\t<p class=\"qodef-m-text\" >Unsere Aufgabe ist es, vollst\u00e4ndig ma\u00dfgeschneiderte chemische F&amp;E-Dienstleistungen anzubieten und nachhaltige L\u00f6sungen zu entwickeln, die genau auf die einzigartigen Herausforderungen jedes Kunden zugeschnitten sind.<\/p>\n\t\t\t<div class=\"qodef-m-button\">\n\t\t<a class=\"qodef-shortcode qodef-m  qodef-button qodef-layout--textual  qodef-html--link\" href=\"\/de\/about-us\/\" target=\"_self\"  >\t<span class=\"qodef-m-text\">mehr \u00fcber uns<\/span>\t<span class=\"qodef-m-arrow\">\t\t<svg class=\"qodef-svg--arrow-top-right\" xmlns=\"http:\/\/www.w3.org\/2000\/svg\" width=\"10\" height=\"10\" viewbox=\"0 0 10.00 10.00\"><path d=\"M1.018 10.009 0 8.991l7.569-7.582H1.723L1.737 0h8.26v8.274H8.574l.013-5.847Z\"\/><path d=\"M1.018 10.009 0 8.991l7.569-7.582H1.723L1.737 0h8.26v8.274H8.574l.013-5.847Z\"\/><\/svg>\t<\/span><\/a>\t<\/div>\n\t<\/div>\n<\/div>\n\t\t<\/div>\n\t\t\t\t<\/div>\n\t\t\t\t\t<\/div>\n\t\t<\/div>\n\t\t\t\t\t<\/div>\n\t\t<\/section>\n\t\t\t\t<section class=\"elementor-section elementor-top-section elementor-element elementor-element-9b7ad51 elementor-section-full_width qodef-elementor-content-grid elementor-section-height-default elementor-section-height-default\" data-id=\"9b7ad51\" data-element_type=\"section\">\n\t\t\t\t\t\t<div class=\"elementor-container elementor-column-gap-no\">\n\t\t\t\t\t<div class=\"elementor-column elementor-col-100 elementor-top-column elementor-element elementor-element-6117391\" data-id=\"6117391\" data-element_type=\"column\">\n\t\t\t<div class=\"elementor-widget-wrap\">\n\t\t\t\t\t\t\t<\/div>\n\t\t<\/div>\n\t\t\t\t\t<\/div>\n\t\t<\/section>\n\t\t\t\t<section class=\"elementor-section elementor-top-section elementor-element elementor-element-295a9c9 elementor-section-full_width elementor-section-height-default elementor-section-height-default\" data-id=\"295a9c9\" data-element_type=\"section\">\n\t\t\t\t\t\t<div class=\"elementor-container elementor-column-gap-no\">\n\t\t\t\t\t<div class=\"elementor-column elementor-col-100 elementor-top-column elementor-element elementor-element-29c3471\" data-id=\"29c3471\" data-element_type=\"column\">\n\t\t\t<div class=\"elementor-widget-wrap elementor-element-populated\">\n\t\t\t\t\t\t<div class=\"elementor-element elementor-element-76154be elementor-widget elementor-widget-onegoal_core_service_list\" data-id=\"76154be\" data-element_type=\"widget\" data-widget_type=\"onegoal_core_service_list.default\">\n\t\t\t\t<div class=\"elementor-widget-container\">\n\t\t\t<div class=\"qodef-service-slider-holder qodef-layout--boxed\">\n    \n<div class=\"qodef--static\">\n            <span class=\"qodef-m-subitle\">Branchen<\/span>\n    \n            <h3 class=\"qodef-m-title\">\n            Industrien, die wir bedienen        <\/h3>\n    \n            <p class=\"qodef-m-text\">Unser Fachwissen im Bereich der industriellen\nChemie erstreckt sich auf die folgenden\nIndustriezweige. Verschiedene andere Industriebereiche\nk\u00f6nnen ebenfalls von unserem Wissen und\nunserer Erfahrung profitieren.<\/p>\n    \n            <div class=\"qodef-m-button-holder\">\n            <a class=\"qodef-shortcode qodef-m  qodef-button qodef-layout--outlined  qodef-html--link\" href=\"\/de\/industries\/\" target=\"_self\"  >\t<span class=\"qodef-m-text\">mehr lesen<\/span>\t<span class=\"qodef-m-arrow\">\t\t<svg class=\"qodef-svg--arrow-top-right\" xmlns=\"http:\/\/www.w3.org\/2000\/svg\" width=\"10\" height=\"10\" viewbox=\"0 0 10.00 10.00\"><path d=\"M1.018 10.009 0 8.991l7.569-7.582H1.723L1.737 0h8.26v8.274H8.574l.013-5.847Z\"\/><path d=\"M1.018 10.009 0 8.991l7.569-7.582H1.723L1.737 0h8.26v8.274H8.574l.013-5.847Z\"\/><\/svg>\t<\/span><\/a>        <\/div>\n    <\/div>\n    <div class=\"qodef--dynamic\">\n        <div class=\"qodef-shortcode qodef-m  qodef-service-list qodef-item-layout--boxed qodef-grid qodef-swiper-container    qodef-col-num--3 qodef-item-layout--boxed qodef-pagination--off qodef-responsive--custom qodef-col-num--1440--2 qodef-col-num--1366--2 qodef-col-num--1024--2 qodef-col-num--768--2 qodef-col-num--680--1 qodef-col-num--480--1\" data-options=\"{&quot;slidesPerView&quot;:&quot;3&quot;,&quot;spaceBetween&quot;:0,&quot;loop&quot;:true,&quot;autoplay&quot;:true,&quot;speed&quot;:&quot;&quot;,&quot;speedAnimation&quot;:&quot;&quot;,&quot;slideAnimation&quot;:&quot;&quot;,&quot;paginationType&quot;:&quot;bullets&quot;,&quot;direction&quot;:&quot;&quot;,&quot;sliderScroll&quot;:&quot;&quot;,&quot;loopAdditionalSlides&quot;:&quot;&quot;,&quot;customStages&quot;:true,&quot;slidesPerView1440&quot;:&quot;2&quot;,&quot;slidesPerView1366&quot;:&quot;2&quot;,&quot;slidesPerView1024&quot;:&quot;2&quot;,&quot;slidesPerView768&quot;:&quot;2&quot;,&quot;slidesPerView680&quot;:&quot;1&quot;,&quot;slidesPerView480&quot;:&quot;1&quot;,&quot;partialValue&quot;:&quot;0.3&quot;,&quot;disablePartialValue&quot;:&quot;480&quot;}\">\n            <div class=\"swiper-wrapper\">\n                <div class=\"qodef-e swiper-slide  post-202 service type-service status-publish has-post-thumbnail hentry service-category-industries\">\n\t<div class=\"qodef-e-inner\">\n        <span class=\"qodef-e-counter\">01<\/span>\n\t\t<div class=\"qodef-e-image\">\n\t\t\t\t<div class=\"qodef-e-media-image\">\n\t\t<img loading=\"lazy\" decoding=\"async\" width=\"1000\" height=\"1000\" src=\"https:\/\/www.wertec-gmbh.at\/wp-content\/uploads\/wertec-industries-271704.jpg\" class=\"attachment-full size-full wp-post-image\" alt=\"Wertec Industries 271704\" srcset=\"https:\/\/www.wertec-gmbh.at\/wp-content\/uploads\/wertec-industries-271704.jpg 1000w, https:\/\/www.wertec-gmbh.at\/wp-content\/uploads\/wertec-industries-271704-300x300.jpg 300w, https:\/\/www.wertec-gmbh.at\/wp-content\/uploads\/wertec-industries-271704-150x150.jpg 150w, https:\/\/www.wertec-gmbh.at\/wp-content\/uploads\/wertec-industries-271704-768x768.jpg 768w, https:\/\/www.wertec-gmbh.at\/wp-content\/uploads\/wertec-industries-271704-650x650.jpg 650w\" sizes=\"(max-width: 1000px) 100vw, 1000px\" \/>\t<\/div>\n\t\t<\/div>\n\t\t<div class=\"qodef-e-content\">\n\t\t\t<h6 itemprop=\"name\" class=\"qodef-e-title entry-title\" >\n\t\t\tBaumaterialien\t<\/h6>\n\t\t\t\t\t<p itemprop=\"description\" class=\"qodef-e-excerpt\">Das Baugewerbe ist seit jeher einer der f\u00fchrenden Sektoren der Weltwirtschaft, aber auch einer der wichtigsten Wirtschaftszweige mit negativen Umweltauswirkungen. <\/p>\n\t\t\t\t<\/div>\n\t<\/div>\n<\/div>\n<div class=\"qodef-e swiper-slide  post-216 service type-service status-publish has-post-thumbnail hentry service-category-industries\">\n\t<div class=\"qodef-e-inner\">\n        <span class=\"qodef-e-counter\">02<\/span>\n\t\t<div class=\"qodef-e-image\">\n\t\t\t\t<div class=\"qodef-e-media-image\">\n\t\t<img loading=\"lazy\" decoding=\"async\" width=\"1000\" height=\"1000\" src=\"https:\/\/www.wertec-gmbh.at\/wp-content\/uploads\/wertec-industries-271702.jpg\" class=\"attachment-full size-full wp-post-image\" alt=\"Wertec Industries 271702\" srcset=\"https:\/\/www.wertec-gmbh.at\/wp-content\/uploads\/wertec-industries-271702.jpg 1000w, https:\/\/www.wertec-gmbh.at\/wp-content\/uploads\/wertec-industries-271702-300x300.jpg 300w, https:\/\/www.wertec-gmbh.at\/wp-content\/uploads\/wertec-industries-271702-150x150.jpg 150w, https:\/\/www.wertec-gmbh.at\/wp-content\/uploads\/wertec-industries-271702-768x768.jpg 768w, https:\/\/www.wertec-gmbh.at\/wp-content\/uploads\/wertec-industries-271702-650x650.jpg 650w\" sizes=\"(max-width: 1000px) 100vw, 1000px\" \/>\t<\/div>\n\t\t<\/div>\n\t\t<div class=\"qodef-e-content\">\n\t\t\t<h6 itemprop=\"name\" class=\"qodef-e-title entry-title\" >\n\t\t\tErneuerbare Energie\t<\/h6>\n\t\t\t\t\t<p itemprop=\"description\" class=\"qodef-e-excerpt\">Erneuerbare Energien sind der Schl\u00fcssel zum \u00dcbergang zu einem neuen Energiemodell, das zur wirtschaftlichen, sozialen und \u00f6kologischen Nachhaltigkeit beitr\u00e4gt.<\/p>\n\t\t\t\t<\/div>\n\t<\/div>\n<\/div>\n<div class=\"qodef-e swiper-slide  post-217 service type-service status-publish has-post-thumbnail hentry service-category-industries\">\n\t<div class=\"qodef-e-inner\">\n        <span class=\"qodef-e-counter\">03<\/span>\n\t\t<div class=\"qodef-e-image\">\n\t\t\t\t<div class=\"qodef-e-media-image\">\n\t\t<img loading=\"lazy\" decoding=\"async\" width=\"1000\" height=\"1000\" src=\"https:\/\/www.wertec-gmbh.at\/wp-content\/uploads\/wertec-industries-031424.jpg\" class=\"attachment-full size-full wp-post-image\" alt=\"Wertec Industries 031424\" srcset=\"https:\/\/www.wertec-gmbh.at\/wp-content\/uploads\/wertec-industries-031424.jpg 1000w, https:\/\/www.wertec-gmbh.at\/wp-content\/uploads\/wertec-industries-031424-300x300.jpg 300w, https:\/\/www.wertec-gmbh.at\/wp-content\/uploads\/wertec-industries-031424-150x150.jpg 150w, https:\/\/www.wertec-gmbh.at\/wp-content\/uploads\/wertec-industries-031424-768x768.jpg 768w, https:\/\/www.wertec-gmbh.at\/wp-content\/uploads\/wertec-industries-031424-12x12.jpg 12w, https:\/\/www.wertec-gmbh.at\/wp-content\/uploads\/wertec-industries-031424-650x650.jpg 650w\" sizes=\"(max-width: 1000px) 100vw, 1000px\" \/>\t<\/div>\n\t\t<\/div>\n\t\t<div class=\"qodef-e-content\">\n\t\t\t<h6 itemprop=\"name\" class=\"qodef-e-title entry-title\" >\n\t\t\tKreislaufindustriesysteme\t<\/h6>\n\t\t\t\t\t<p itemprop=\"description\" class=\"qodef-e-excerpt\">Kreislaufwirtschaftliche Systeme reduzieren die Materialintensit\u00e4t von Waren und Dienstleistungen, verringern den Energieverbrauch und die Umweltverschmutzung.<\/p>\n\t\t\t\t<\/div>\n\t<\/div>\n<\/div>\n<div class=\"qodef-e swiper-slide  post-218 service type-service status-publish has-post-thumbnail hentry service-category-industries\">\n\t<div class=\"qodef-e-inner\">\n        <span class=\"qodef-e-counter\">04<\/span>\n\t\t<div class=\"qodef-e-image\">\n\t\t\t\t<div class=\"qodef-e-media-image\">\n\t\t<img loading=\"lazy\" decoding=\"async\" width=\"1000\" height=\"1000\" src=\"https:\/\/www.wertec-gmbh.at\/wp-content\/uploads\/wertec-industries-271701.jpg\" class=\"attachment-full size-full wp-post-image\" alt=\"Wertec Industries 271701\" srcset=\"https:\/\/www.wertec-gmbh.at\/wp-content\/uploads\/wertec-industries-271701.jpg 1000w, https:\/\/www.wertec-gmbh.at\/wp-content\/uploads\/wertec-industries-271701-300x300.jpg 300w, https:\/\/www.wertec-gmbh.at\/wp-content\/uploads\/wertec-industries-271701-150x150.jpg 150w, https:\/\/www.wertec-gmbh.at\/wp-content\/uploads\/wertec-industries-271701-768x768.jpg 768w, https:\/\/www.wertec-gmbh.at\/wp-content\/uploads\/wertec-industries-271701-650x650.jpg 650w\" sizes=\"(max-width: 1000px) 100vw, 1000px\" \/>\t<\/div>\n\t\t<\/div>\n\t\t<div class=\"qodef-e-content\">\n\t\t\t<h6 itemprop=\"name\" class=\"qodef-e-title entry-title\" >\n\t\t\tKautschukindustrie\t<\/h6>\n\t\t\t\t\t<p itemprop=\"description\" class=\"qodef-e-excerpt\">Kautschuk wird in verschiedenen Industriezweigen wie der Automobilindustrie, dem Baugewerbe und der Medizintechnik verwendet, und der Kautschukmarkt w\u00e4chst best\u00e4ndig.<\/p>\n\t\t\t\t<\/div>\n\t<\/div>\n<\/div>\n            <\/div>\n                                <\/div>\n    <\/div>\n<\/div>\n\t\t<\/div>\n\t\t\t\t<\/div>\n\t\t\t\t\t<\/div>\n\t\t<\/div>\n\t\t\t\t\t<\/div>\n\t\t<\/section>\n\t\t\t\t<section class=\"elementor-section elementor-top-section elementor-element elementor-element-b26b7fe elementor-section-full_width elementor-section-height-min-height elementor-section-height-default elementor-section-items-middle\" data-id=\"b26b7fe\" data-element_type=\"section\">\n\t\t\t\t\t\t<div class=\"elementor-container elementor-column-gap-no\">\n\t\t\t\t\t<div class=\"elementor-column elementor-col-100 elementor-top-column elementor-element elementor-element-cc848f2\" data-id=\"cc848f2\" data-element_type=\"column\">\n\t\t\t<div class=\"elementor-widget-wrap\">\n\t\t\t\t\t\t\t<\/div>\n\t\t<\/div>\n\t\t\t\t\t<\/div>\n\t\t<\/section>\n\t\t\t\t<\/div>","protected":false},"excerpt":{"rendered":"<p>Die Natur erforschen, um die industrielle Chemie zu transformieren \u00dcber uns Nachhaltige L\u00f6sungen in der industriellen Chemie entwickeln Ob Sie die Notwendigkeit haben, fossile Zusatzstoffe durch nachhaltige zu ersetzen, ob Sie eine Antwort auf eine komplexe chemische Herausforderung suchen oder ob Sie eine zus\u00e4tzliche Forschungs- und Entwicklungskraft zur Unterst\u00fctzung Ihrer internen Entwicklungen ben\u00f6tigen, wir sind hier, um Ihr zuverl\u00e4ssiger [...]<\/p>","protected":false},"author":1,"featured_media":0,"parent":0,"menu_order":0,"comment_status":"closed","ping_status":"closed","template":"page-full-width.php","meta":{"slim_seo":{"description":"Exploring nature to transform industrial chemistry. Chemical innovation for industrial success. Sustainability goals in industry."},"footnotes":""},"class_list":["post-16","page","type-page","status-publish","hentry"],"_links":{"self":[{"href":"https:\/\/www.wertec-gmbh.at\/de\/wp-json\/wp\/v2\/pages\/16","targetHints":{"allow":["GET"]}}],"collection":[{"href":"https:\/\/www.wertec-gmbh.at\/de\/wp-json\/wp\/v2\/pages"}],"about":[{"href":"https:\/\/www.wertec-gmbh.at\/de\/wp-json\/wp\/v2\/types\/page"}],"author":[{"embeddable":true,"href":"https:\/\/www.wertec-gmbh.at\/de\/wp-json\/wp\/v2\/users\/1"}],"replies":[{"embeddable":true,"href":"https:\/\/www.wertec-gmbh.at\/de\/wp-json\/wp\/v2\/comments?post=16"}],"version-history":[{"count":124,"href":"https:\/\/www.wertec-gmbh.at\/de\/wp-json\/wp\/v2\/pages\/16\/revisions"}],"predecessor-version":[{"id":8546,"href":"https:\/\/www.wertec-gmbh.at\/de\/wp-json\/wp\/v2\/pages\/16\/revisions\/8546"}],"wp:attachment":[{"href":"https:\/\/www.wertec-gmbh.at\/de\/wp-json\/wp\/v2\/media?parent=16"}],"curies":[{"name":"wp","href":"https:\/\/api.w.org\/{rel}","templated":true}]}}