{"id":3974,"date":"2023-05-15T10:23:33","date_gmt":"2023-05-15T10:23:33","guid":{"rendered":"https:\/\/onegoal.qodeinteractive.com\/?page_id=3974"},"modified":"2025-03-19T10:07:27","modified_gmt":"2025-03-19T09:07:27","slug":"about-us","status":"publish","type":"page","link":"https:\/\/www.wertec-gmbh.at\/de\/about-us\/","title":{"rendered":"\u00dcber uns"},"content":{"rendered":"<div data-elementor-type=\"wp-page\" data-elementor-id=\"3974\" class=\"elementor elementor-3974\" data-elementor-post-type=\"page\">\n\t\t\t\t\t\t<section class=\"elementor-section elementor-top-section elementor-element elementor-element-d8870f0 elementor-section-full_width elementor-section-height-default elementor-section-height-default\" data-id=\"d8870f0\" data-element_type=\"section\">\n\t\t\t\t\t\t<div class=\"elementor-container elementor-column-gap-default\">\n\t\t\t\t\t<div class=\"elementor-column elementor-col-100 elementor-top-column elementor-element elementor-element-6a830f3\" data-id=\"6a830f3\" data-element_type=\"column\">\n\t\t\t<div class=\"elementor-widget-wrap elementor-element-populated\">\n\t\t\t\t\t\t<div class=\"elementor-element elementor-element-a6dade1 elementor-widget elementor-widget-onegoal_core_section_title\" data-id=\"a6dade1\" data-element_type=\"widget\" data-widget_type=\"onegoal_core_section_title.default\">\n\t\t\t\t<div class=\"elementor-widget-container\">\n\t\t\t<div class=\"qodef-shortcode qodef-m  qodef-section-title qodef-alignment--left\">\n\t\t<div class=\"qodef-m-subtitle\" style=\"margin-bottom: 15px\">\n\t\t\u00dcber uns\t<\/div>\n\t\t<h2 class=\"qodef-m-title\" >\n\t\t\t\t\t<span class=\"qodef-m-decorated\">\u00dcber<\/span> <span class=\"qodef-m-decorated\">unser<\/span> <span class=\"qodef-m-decorated\">Unternehmen<\/span>\t\t\t<\/h2>\n\t<\/div>\n\t\t<\/div>\n\t\t\t\t<\/div>\n\t\t\t\t\t<\/div>\n\t\t<\/div>\n\t\t\t\t\t<\/div>\n\t\t<\/section>\n\t\t\t\t<section class=\"elementor-section elementor-top-section elementor-element elementor-element-a21328c elementor-section-full_width elementor-section-height-min-height elementor-section-height-default elementor-section-items-middle\" data-id=\"a21328c\" data-element_type=\"section\">\n\t\t\t\t\t\t<div class=\"elementor-container elementor-column-gap-default\">\n\t\t\t\t\t<div class=\"elementor-column elementor-col-100 elementor-top-column elementor-element elementor-element-aea6c88\" data-id=\"aea6c88\" data-element_type=\"column\">\n\t\t\t<div class=\"elementor-widget-wrap\">\n\t\t\t\t\t\t\t<\/div>\n\t\t<\/div>\n\t\t\t\t\t<\/div>\n\t\t<\/section>\n\t\t\t\t<section class=\"elementor-section elementor-top-section elementor-element elementor-element-378db8d elementor-section-full_width qodef-elementor-content-grid elementor-section-height-default elementor-section-height-default\" data-id=\"378db8d\" data-element_type=\"section\">\n\t\t\t\t\t\t<div class=\"elementor-container elementor-column-gap-no\">\n\t\t\t\t\t<div class=\"elementor-column elementor-col-50 elementor-top-column elementor-element elementor-element-547684e\" data-id=\"547684e\" data-element_type=\"column\">\n\t\t\t<div class=\"elementor-widget-wrap elementor-element-populated\">\n\t\t\t\t\t\t<div class=\"elementor-element elementor-element-638a28f elementor-widget elementor-widget-onegoal_core_section_title\" data-id=\"638a28f\" data-element_type=\"widget\" data-widget_type=\"onegoal_core_section_title.default\">\n\t\t\t\t<div class=\"elementor-widget-container\">\n\t\t\t<div class=\"qodef-shortcode qodef-m  qodef-section-title qodef-alignment--left\">\n\t\t<div class=\"qodef-m-subtitle\" style=\"margin-bottom: 30px\">\n\t\tWer sind wir\t<\/div>\n\t\t<h5 class=\"qodef-m-title\" >\n\t\t\t\t\tWir sind ein Vertrag <span class=\"qodef-m-decorated\">Chemie<\/span> F&amp;E-Organisation, die ma\u00dfgeschneiderte nachhaltige L\u00f6sungen f\u00fcr Hersteller in verschiedenen Branchen entwickelt und den \u00dcbergang zu einer saubereren und verantwortungsvolleren Produktion vorantreibt.\t\t\t<\/h5>\n\t<\/div>\n\t\t<\/div>\n\t\t\t\t<\/div>\n\t\t\t\t\t<\/div>\n\t\t<\/div>\n\t\t\t\t<div class=\"elementor-column elementor-col-50 elementor-top-column elementor-element elementor-element-c2229bd\" data-id=\"c2229bd\" data-element_type=\"column\">\n\t\t\t<div class=\"elementor-widget-wrap elementor-element-populated\">\n\t\t\t\t\t\t<div class=\"elementor-element elementor-element-a213cd8 elementor-widget elementor-widget-text-editor\" data-id=\"a213cd8\" data-element_type=\"widget\" data-widget_type=\"text-editor.default\">\n\t\t\t\t<div class=\"elementor-widget-container\">\n\t\t\t\t\t\t\t<p><span style=\"background-color: #ffffff;\">Wir bei wertec sind ein Team von Chemieexperten, die sich durch eine gemeinsame Leidenschaft f\u00fcr Wissenschaft und Natur und jahrelange Erfahrung im industriellen Sektor zusammengefunden haben. Ganz gleich, ob Sie die Notwendigkeit haben, fossil basierte Zusatzstoffe durch nachhaltige zu ersetzen, eine Antwort auf eine komplexe chemische Herausforderung zu finden oder eine zus\u00e4tzliche F&amp;E-Kraft zur Unterst\u00fctzung Ihrer internen Entwicklungen ben\u00f6tigen, wir sind hier, um Ihr vertrauensvoller Partner zu werden und Ihnen die bestm\u00f6glichen Arbeitsl\u00f6sungen zu bieten.<\/span><\/p><p>Unsere St\u00e4rken liegen in der Vielfalt und Breite der L\u00f6sungen, die wir Ihnen anbieten k\u00f6nnen, wobei wir darauf achten, dass wir unsere Grunds\u00e4tze der Integrit\u00e4t, des Umweltschutzes und der Verbesserung der Lebensqualit\u00e4t durch Innovation einhalten.<\/p><p>Unsere Kunden sind unsere Partner, und wir sind bestrebt, w\u00e4hrend des gesamten Prozesses der Entwicklung und Umsetzung eines Projekts oder einer einzelnen F&amp;E-Dienstleistung eng mit Ihnen zusammenzuarbeiten.<\/p>\t\t\t\t\t\t<\/div>\n\t\t\t\t<\/div>\n\t\t\t\t\t<\/div>\n\t\t<\/div>\n\t\t\t\t\t<\/div>\n\t\t<\/section>\n\t\t\t\t<section class=\"elementor-section elementor-top-section elementor-element elementor-element-5d95d61 elementor-section-full_width elementor-section-height-min-height elementor-section-items-bottom elementor-section-height-default\" data-id=\"5d95d61\" data-element_type=\"section\">\n\t\t\t\t\t\t<div class=\"elementor-container elementor-column-gap-no\">\n\t\t\t\t\t<div class=\"elementor-column elementor-col-100 elementor-top-column elementor-element elementor-element-db48456\" data-id=\"db48456\" data-element_type=\"column\">\n\t\t\t<div class=\"elementor-widget-wrap elementor-element-populated\">\n\t\t\t\t\t\t<div class=\"elementor-element elementor-element-abd9c77 elementor-widget__width-initial elementor-widget elementor-widget-text-editor\" data-id=\"abd9c77\" data-element_type=\"widget\" data-widget_type=\"text-editor.default\">\n\t\t\t\t<div class=\"elementor-widget-container\">\n\t\t\t\t\t\t\t<h4><span style=\"color: #ffffff;\">UNSERE VISION<\/span><\/h4><h5><span style=\"color: #ffffff;\">Unsere Vision ist, durch Chemische\nInnovationen den industriellen Erfolg zu f\u00f6rdern, unsere Partner und Kunden zu st\u00e4rken, eine\nVorreiterrolle bei globalen Herausforderungen zur Verbesserung des Lebens zu \u00fcbernehmen.<\/span><\/h5><h4><span style=\"color: #ffffff;\">UNSERE MISSION<\/span><\/h4><h5><span style=\"color: #ffffff;\">Unsere Aufgabe ist es, vollst\u00e4ndig ma\u00dfgeschneiderte chemische F&amp;E-Dienstleistungen anzubieten und nachhaltige L\u00f6sungen zu entwickeln, die genau auf die einzigartigen Herausforderungen jedes Kunden zugeschnitten sind.<\/span><\/h5>\t\t\t\t\t\t<\/div>\n\t\t\t\t<\/div>\n\t\t\t\t\t<\/div>\n\t\t<\/div>\n\t\t\t\t\t<\/div>\n\t\t<\/section>\n\t\t\t\t<section class=\"elementor-section elementor-top-section elementor-element elementor-element-56483d1 elementor-section-full_width qodef-elementor-content-grid elementor-section-height-default elementor-section-height-default\" data-id=\"56483d1\" data-element_type=\"section\">\n\t\t\t\t\t\t<div class=\"elementor-container elementor-column-gap-no\">\n\t\t\t\t\t<div class=\"elementor-column elementor-col-50 elementor-top-column elementor-element elementor-element-224aa3a\" data-id=\"224aa3a\" data-element_type=\"column\">\n\t\t\t<div class=\"elementor-widget-wrap elementor-element-populated\">\n\t\t\t\t\t\t<div class=\"elementor-element elementor-element-8e1963b elementor-widget elementor-widget-onegoal_core_section_title\" data-id=\"8e1963b\" data-element_type=\"widget\" data-widget_type=\"onegoal_core_section_title.default\">\n\t\t\t\t<div class=\"elementor-widget-container\">\n\t\t\t<div class=\"qodef-shortcode qodef-m  qodef-section-title qodef-alignment--left\">\n\t\t<div class=\"qodef-m-subtitle\" style=\"margin-bottom: 30px\">\n\t\tUnser Leistungsversprechen\t<\/div>\n\t\t<h4 class=\"qodef-m-title translation-block\" >Von der Konzeption und dem Design \u00fcber alle Phasen der Herstellung und Pr\u00fcfung bis hin zur Skalierung und Entsorgung.<\/h4>\n\t<\/div>\n\t\t<\/div>\n\t\t\t\t<\/div>\n\t\t\t\t\t<\/div>\n\t\t<\/div>\n\t\t\t\t<div class=\"elementor-column elementor-col-50 elementor-top-column elementor-element elementor-element-9e95349\" data-id=\"9e95349\" data-element_type=\"column\">\n\t\t\t<div class=\"elementor-widget-wrap elementor-element-populated\">\n\t\t\t\t\t\t<div class=\"elementor-element elementor-element-263c124 elementor-widget elementor-widget-text-editor\" data-id=\"263c124\" data-element_type=\"widget\" data-widget_type=\"text-editor.default\">\n\t\t\t\t<div class=\"elementor-widget-container\">\n\t\t\t\t\t\t\t<p>Durch unsere fachkundige Unterst\u00fctzung in der chemischen Forschung und Entwicklung stehen wir Ihnen zur Seite, um Ihre Entwicklung voranzutreiben - damit Sie schneller innovativ werden, effizienter arbeiten und Ihre Ziele in Bezug auf Herstellung und Nachhaltigkeit erreichen k\u00f6nnen.<\/p><p>Wir verf\u00fcgen \u00fcber langj\u00e4hrige Erfahrung in der industriellen Chemie und Know-how in der Nutzung von Rohstoffen auf nat\u00fcrlicher Basis. Wir sind stolz darauf, dass es uns in unseren vergangenen und laufenden Projekten gelungen ist, f\u00fcr unsere Kunden bei der Herstellung von Gummi- und Kunststoffwaren verschiedene pflanzliche Alternativen zu erd\u00f6lbasierten Produkten zu entwickeln und damit den Ersatz von Gefahrstoffen, die Reduzierung von CO2-Emissionen und die Optimierung von Kosten zu erm\u00f6glichen.<\/p>\t\t\t\t\t\t<\/div>\n\t\t\t\t<\/div>\n\t\t\t\t\t<\/div>\n\t\t<\/div>\n\t\t\t\t\t<\/div>\n\t\t<\/section>\n\t\t\t\t<section class=\"elementor-section elementor-top-section elementor-element elementor-element-1ca3a20 elementor-section-full_width elementor-section-height-default elementor-section-height-default\" data-id=\"1ca3a20\" data-element_type=\"section\">\n\t\t\t\t\t\t<div class=\"elementor-container elementor-column-gap-no\">\n\t\t\t\t\t<div class=\"elementor-column elementor-col-100 elementor-top-column elementor-element elementor-element-0ab66a6\" data-id=\"0ab66a6\" data-element_type=\"column\">\n\t\t\t<div class=\"elementor-widget-wrap elementor-element-populated\">\n\t\t\t\t\t\t<div class=\"elementor-element elementor-element-f0e63bb elementor-widget elementor-widget-onegoal_core_service_list\" data-id=\"f0e63bb\" data-element_type=\"widget\" data-widget_type=\"onegoal_core_service_list.default\">\n\t\t\t\t<div class=\"elementor-widget-container\">\n\t\t\t<div class=\"qodef-service-slider-holder qodef-layout--boxed\">\n    \n<div class=\"qodef--static\">\n            <span class=\"qodef-m-subitle\">Branchen<\/span>\n    \n            <h3 class=\"qodef-m-title\">\n            Industrien, die wir bedienen        <\/h3>\n    \n            <p class=\"qodef-m-text\">Unser Fachwissen im Bereich der industriellen\nChemie erstreckt sich auf die folgenden\nIndustriezweige. Verschiedene andere Industriebereiche\nk\u00f6nnen ebenfalls von unserem Wissen und\nunserer Erfahrung profitieren.<\/p>\n    \n            <div class=\"qodef-m-button-holder\">\n            <a class=\"qodef-shortcode qodef-m  qodef-button qodef-layout--outlined  qodef-html--link\" href=\"\/de\/industries\/\" target=\"_self\"  >\t<span class=\"qodef-m-text\">mehr lesen<\/span>\t<span class=\"qodef-m-arrow\">\t\t<svg class=\"qodef-svg--arrow-top-right\" xmlns=\"http:\/\/www.w3.org\/2000\/svg\" width=\"10\" height=\"10\" viewbox=\"0 0 10.00 10.00\"><path d=\"M1.018 10.009 0 8.991l7.569-7.582H1.723L1.737 0h8.26v8.274H8.574l.013-5.847Z\"\/><path d=\"M1.018 10.009 0 8.991l7.569-7.582H1.723L1.737 0h8.26v8.274H8.574l.013-5.847Z\"\/><\/svg>\t<\/span><\/a>        <\/div>\n    <\/div>\n    <div class=\"qodef--dynamic\">\n        <div class=\"qodef-shortcode qodef-m  qodef-service-list qodef-item-layout--boxed qodef-grid qodef-swiper-container    qodef-col-num--3 qodef-item-layout--boxed qodef-pagination--off qodef-responsive--custom qodef-col-num--1440--2 qodef-col-num--1366--2 qodef-col-num--1024--2 qodef-col-num--768--2 qodef-col-num--680--1 qodef-col-num--480--1\" data-options=\"{&quot;slidesPerView&quot;:&quot;3&quot;,&quot;spaceBetween&quot;:0,&quot;loop&quot;:true,&quot;autoplay&quot;:true,&quot;speed&quot;:&quot;&quot;,&quot;speedAnimation&quot;:&quot;&quot;,&quot;slideAnimation&quot;:&quot;&quot;,&quot;paginationType&quot;:&quot;bullets&quot;,&quot;direction&quot;:&quot;&quot;,&quot;sliderScroll&quot;:&quot;&quot;,&quot;loopAdditionalSlides&quot;:&quot;&quot;,&quot;customStages&quot;:true,&quot;slidesPerView1440&quot;:&quot;2&quot;,&quot;slidesPerView1366&quot;:&quot;2&quot;,&quot;slidesPerView1024&quot;:&quot;2&quot;,&quot;slidesPerView768&quot;:&quot;2&quot;,&quot;slidesPerView680&quot;:&quot;1&quot;,&quot;slidesPerView480&quot;:&quot;1&quot;,&quot;partialValue&quot;:&quot;0.3&quot;,&quot;disablePartialValue&quot;:&quot;480&quot;}\">\n            <div class=\"swiper-wrapper\">\n                <div class=\"qodef-e swiper-slide  post-202 service type-service status-publish has-post-thumbnail hentry service-category-industries\">\n\t<div class=\"qodef-e-inner\">\n        <span class=\"qodef-e-counter\">01<\/span>\n\t\t<div class=\"qodef-e-image\">\n\t\t\t\t<div class=\"qodef-e-media-image\">\n\t\t<img fetchpriority=\"high\" decoding=\"async\" width=\"1000\" height=\"1000\" src=\"https:\/\/www.wertec-gmbh.at\/wp-content\/uploads\/wertec-industries-271704.jpg\" class=\"attachment-full size-full wp-post-image\" alt=\"Wertec Industries 271704\" srcset=\"https:\/\/www.wertec-gmbh.at\/wp-content\/uploads\/wertec-industries-271704.jpg 1000w, https:\/\/www.wertec-gmbh.at\/wp-content\/uploads\/wertec-industries-271704-300x300.jpg 300w, https:\/\/www.wertec-gmbh.at\/wp-content\/uploads\/wertec-industries-271704-150x150.jpg 150w, https:\/\/www.wertec-gmbh.at\/wp-content\/uploads\/wertec-industries-271704-768x768.jpg 768w, https:\/\/www.wertec-gmbh.at\/wp-content\/uploads\/wertec-industries-271704-650x650.jpg 650w\" sizes=\"(max-width: 1000px) 100vw, 1000px\" \/>\t<\/div>\n\t\t<\/div>\n\t\t<div class=\"qodef-e-content\">\n\t\t\t<h5 itemprop=\"name\" class=\"qodef-e-title entry-title\" >\n\t\t\tBaumaterialien\t<\/h5>\n\t\t\t\t\t<p itemprop=\"description\" class=\"qodef-e-excerpt\">Das Baugewerbe ist seit jeher einer der f\u00fchrenden Sektoren der Weltwirtschaft, aber auch einer der wichtigsten Wirtschaftszweige mit negativen Umweltauswirkungen. <\/p>\n\t\t\t\t<\/div>\n\t<\/div>\n<\/div>\n<div class=\"qodef-e swiper-slide  post-216 service type-service status-publish has-post-thumbnail hentry service-category-industries\">\n\t<div class=\"qodef-e-inner\">\n        <span class=\"qodef-e-counter\">02<\/span>\n\t\t<div class=\"qodef-e-image\">\n\t\t\t\t<div class=\"qodef-e-media-image\">\n\t\t<img decoding=\"async\" width=\"1000\" height=\"1000\" src=\"https:\/\/www.wertec-gmbh.at\/wp-content\/uploads\/wertec-industries-271702.jpg\" class=\"attachment-full size-full wp-post-image\" alt=\"Wertec Industries 271702\" srcset=\"https:\/\/www.wertec-gmbh.at\/wp-content\/uploads\/wertec-industries-271702.jpg 1000w, https:\/\/www.wertec-gmbh.at\/wp-content\/uploads\/wertec-industries-271702-300x300.jpg 300w, https:\/\/www.wertec-gmbh.at\/wp-content\/uploads\/wertec-industries-271702-150x150.jpg 150w, https:\/\/www.wertec-gmbh.at\/wp-content\/uploads\/wertec-industries-271702-768x768.jpg 768w, https:\/\/www.wertec-gmbh.at\/wp-content\/uploads\/wertec-industries-271702-650x650.jpg 650w\" sizes=\"(max-width: 1000px) 100vw, 1000px\" \/>\t<\/div>\n\t\t<\/div>\n\t\t<div class=\"qodef-e-content\">\n\t\t\t<h5 itemprop=\"name\" class=\"qodef-e-title entry-title\" >\n\t\t\tErneuerbare Energie\t<\/h5>\n\t\t\t\t\t<p itemprop=\"description\" class=\"qodef-e-excerpt\">Erneuerbare Energien sind der Schl\u00fcssel zum \u00dcbergang zu einem neuen Energiemodell, das zur wirtschaftlichen, sozialen und \u00f6kologischen Nachhaltigkeit beitr\u00e4gt.<\/p>\n\t\t\t\t<\/div>\n\t<\/div>\n<\/div>\n<div class=\"qodef-e swiper-slide  post-217 service type-service status-publish has-post-thumbnail hentry service-category-industries\">\n\t<div class=\"qodef-e-inner\">\n        <span class=\"qodef-e-counter\">03<\/span>\n\t\t<div class=\"qodef-e-image\">\n\t\t\t\t<div class=\"qodef-e-media-image\">\n\t\t<img decoding=\"async\" width=\"1000\" height=\"1000\" src=\"https:\/\/www.wertec-gmbh.at\/wp-content\/uploads\/wertec-industries-031424.jpg\" class=\"attachment-full size-full wp-post-image\" alt=\"Wertec Industries 031424\" srcset=\"https:\/\/www.wertec-gmbh.at\/wp-content\/uploads\/wertec-industries-031424.jpg 1000w, https:\/\/www.wertec-gmbh.at\/wp-content\/uploads\/wertec-industries-031424-300x300.jpg 300w, https:\/\/www.wertec-gmbh.at\/wp-content\/uploads\/wertec-industries-031424-150x150.jpg 150w, https:\/\/www.wertec-gmbh.at\/wp-content\/uploads\/wertec-industries-031424-768x768.jpg 768w, https:\/\/www.wertec-gmbh.at\/wp-content\/uploads\/wertec-industries-031424-12x12.jpg 12w, https:\/\/www.wertec-gmbh.at\/wp-content\/uploads\/wertec-industries-031424-650x650.jpg 650w\" sizes=\"(max-width: 1000px) 100vw, 1000px\" \/>\t<\/div>\n\t\t<\/div>\n\t\t<div class=\"qodef-e-content\">\n\t\t\t<h5 itemprop=\"name\" class=\"qodef-e-title entry-title\" >\n\t\t\tKreislaufindustriesysteme\t<\/h5>\n\t\t\t\t\t<p itemprop=\"description\" class=\"qodef-e-excerpt\">Kreislaufwirtschaftliche Systeme reduzieren die Materialintensit\u00e4t von Waren und Dienstleistungen, verringern den Energieverbrauch und die Umweltverschmutzung.<\/p>\n\t\t\t\t<\/div>\n\t<\/div>\n<\/div>\n<div class=\"qodef-e swiper-slide  post-218 service type-service status-publish has-post-thumbnail hentry service-category-industries\">\n\t<div class=\"qodef-e-inner\">\n        <span class=\"qodef-e-counter\">04<\/span>\n\t\t<div class=\"qodef-e-image\">\n\t\t\t\t<div class=\"qodef-e-media-image\">\n\t\t<img loading=\"lazy\" decoding=\"async\" width=\"1000\" height=\"1000\" src=\"https:\/\/www.wertec-gmbh.at\/wp-content\/uploads\/wertec-industries-271701.jpg\" class=\"attachment-full size-full wp-post-image\" alt=\"Wertec Industries 271701\" srcset=\"https:\/\/www.wertec-gmbh.at\/wp-content\/uploads\/wertec-industries-271701.jpg 1000w, https:\/\/www.wertec-gmbh.at\/wp-content\/uploads\/wertec-industries-271701-300x300.jpg 300w, https:\/\/www.wertec-gmbh.at\/wp-content\/uploads\/wertec-industries-271701-150x150.jpg 150w, https:\/\/www.wertec-gmbh.at\/wp-content\/uploads\/wertec-industries-271701-768x768.jpg 768w, https:\/\/www.wertec-gmbh.at\/wp-content\/uploads\/wertec-industries-271701-650x650.jpg 650w\" sizes=\"(max-width: 1000px) 100vw, 1000px\" \/>\t<\/div>\n\t\t<\/div>\n\t\t<div class=\"qodef-e-content\">\n\t\t\t<h5 itemprop=\"name\" class=\"qodef-e-title entry-title\" >\n\t\t\tKautschukindustrie\t<\/h5>\n\t\t\t\t\t<p itemprop=\"description\" class=\"qodef-e-excerpt\">Kautschuk wird in verschiedenen Industriezweigen wie der Automobilindustrie, dem Baugewerbe und der Medizintechnik verwendet, und der Kautschukmarkt w\u00e4chst best\u00e4ndig.<\/p>\n\t\t\t\t<\/div>\n\t<\/div>\n<\/div>\n            <\/div>\n                                <\/div>\n    <\/div>\n<\/div>\n\t\t<\/div>\n\t\t\t\t<\/div>\n\t\t\t\t\t<\/div>\n\t\t<\/div>\n\t\t\t\t\t<\/div>\n\t\t<\/section>\n\t\t\t\t<section class=\"elementor-section elementor-top-section elementor-element elementor-element-26b53ee qodef-elementor-content-grid elementor-section-boxed elementor-section-height-default elementor-section-height-default\" data-id=\"26b53ee\" data-element_type=\"section\">\n\t\t\t\t\t\t<div class=\"elementor-container elementor-column-gap-default\">\n\t\t\t\t\t<div class=\"elementor-column elementor-col-100 elementor-top-column elementor-element elementor-element-5592498\" data-id=\"5592498\" data-element_type=\"column\">\n\t\t\t<div class=\"elementor-widget-wrap\">\n\t\t\t\t\t\t\t<\/div>\n\t\t<\/div>\n\t\t\t\t\t<\/div>\n\t\t<\/section>\n\t\t\t\t<\/div>","protected":false},"excerpt":{"rendered":"<p>\u00dcber uns \u00dcber unser Unternehmen Wer sind wir? Wir sind ein Auftragsunternehmen f\u00fcr chemische Forschung und Entwicklung, das ma\u00dfgeschneiderte nachhaltige L\u00f6sungen f\u00fcr Hersteller in verschiedenen Branchen entwickelt und den \u00dcbergang zu einer saubereren und verantwortungsvolleren Produktion vorantreibt. Bei wertec sind wir ein Team von Chemieexperten, die sich aus einer gemeinsamen Leidenschaft heraus zusammengefunden haben [...]<\/p>","protected":false},"author":1,"featured_media":0,"parent":0,"menu_order":0,"comment_status":"closed","ping_status":"closed","template":"page-full-width.php","meta":{"slim_seo":{"description":"Full R&D support and development of individualized sustainable chemical solutions. Know-how in utilization of naturally-based raw materials."},"footnotes":""},"class_list":["post-3974","page","type-page","status-publish","hentry"],"_links":{"self":[{"href":"https:\/\/www.wertec-gmbh.at\/de\/wp-json\/wp\/v2\/pages\/3974","targetHints":{"allow":["GET"]}}],"collection":[{"href":"https:\/\/www.wertec-gmbh.at\/de\/wp-json\/wp\/v2\/pages"}],"about":[{"href":"https:\/\/www.wertec-gmbh.at\/de\/wp-json\/wp\/v2\/types\/page"}],"author":[{"embeddable":true,"href":"https:\/\/www.wertec-gmbh.at\/de\/wp-json\/wp\/v2\/users\/1"}],"replies":[{"embeddable":true,"href":"https:\/\/www.wertec-gmbh.at\/de\/wp-json\/wp\/v2\/comments?post=3974"}],"version-history":[{"count":87,"href":"https:\/\/www.wertec-gmbh.at\/de\/wp-json\/wp\/v2\/pages\/3974\/revisions"}],"predecessor-version":[{"id":8549,"href":"https:\/\/www.wertec-gmbh.at\/de\/wp-json\/wp\/v2\/pages\/3974\/revisions\/8549"}],"wp:attachment":[{"href":"https:\/\/www.wertec-gmbh.at\/de\/wp-json\/wp\/v2\/media?parent=3974"}],"curies":[{"name":"wp","href":"https:\/\/api.w.org\/{rel}","templated":true}]}}