{"id":4398,"date":"2023-05-16T08:05:26","date_gmt":"2023-05-16T08:05:26","guid":{"rendered":"https:\/\/onegoal.qodeinteractive.com\/?page_id=4398"},"modified":"2025-05-15T10:05:41","modified_gmt":"2025-05-15T08:05:41","slug":"services","status":"publish","type":"page","link":"https:\/\/www.wertec-gmbh.at\/de\/services\/","title":{"rendered":"Dienstleistungen"},"content":{"rendered":"<div data-elementor-type=\"wp-page\" data-elementor-id=\"4398\" class=\"elementor elementor-4398\" data-elementor-post-type=\"page\">\n\t\t\t\t\t\t<section class=\"elementor-section elementor-top-section elementor-element elementor-element-22b1769 elementor-section-full_width elementor-section-height-default elementor-section-height-default\" data-id=\"22b1769\" data-element_type=\"section\">\n\t\t\t\t\t\t<div class=\"elementor-container elementor-column-gap-default\">\n\t\t\t\t\t<div class=\"elementor-column elementor-col-100 elementor-top-column elementor-element elementor-element-6889d8e\" data-id=\"6889d8e\" data-element_type=\"column\">\n\t\t\t<div class=\"elementor-widget-wrap elementor-element-populated\">\n\t\t\t\t\t\t<div class=\"elementor-element elementor-element-8a1c8ba elementor-widget elementor-widget-onegoal_core_section_title\" data-id=\"8a1c8ba\" data-element_type=\"widget\" data-widget_type=\"onegoal_core_section_title.default\">\n\t\t\t\t<div class=\"elementor-widget-container\">\n\t\t\t<div class=\"qodef-shortcode qodef-m  qodef-section-title qodef-alignment--left\">\n\t\t<div class=\"qodef-m-subtitle\" style=\"margin-bottom: 15px\">\n\t\tDienstleistungen\t<\/div>\n\t\t<h2 class=\"qodef-m-title\" >\n\t\t\t\t\t <span class=\"qodef-m-decorated\">Was<\/span> <span class=\"qodef-m-decorated\">wir<\/span> anbieten\t\t\t<\/h2>\n\t<\/div>\n\t\t<\/div>\n\t\t\t\t<\/div>\n\t\t\t\t\t<\/div>\n\t\t<\/div>\n\t\t\t\t\t<\/div>\n\t\t<\/section>\n\t\t\t\t<section class=\"elementor-section elementor-top-section elementor-element elementor-element-eb1b886 elementor-section-full_width elementor-section-height-min-height elementor-section-height-default elementor-section-items-middle\" data-id=\"eb1b886\" data-element_type=\"section\">\n\t\t\t\t\t\t<div class=\"elementor-container elementor-column-gap-default\">\n\t\t\t\t\t<div class=\"elementor-column elementor-col-100 elementor-top-column elementor-element elementor-element-a624d69\" data-id=\"a624d69\" data-element_type=\"column\">\n\t\t\t<div class=\"elementor-widget-wrap\">\n\t\t\t\t\t\t\t<\/div>\n\t\t<\/div>\n\t\t\t\t\t<\/div>\n\t\t<\/section>\n\t\t\t\t<section class=\"elementor-section elementor-top-section elementor-element elementor-element-0ccb2aa qodef-elementor-content-grid elementor-reverse-mobile elementor-section-boxed elementor-section-height-default elementor-section-height-default\" data-id=\"0ccb2aa\" data-element_type=\"section\">\n\t\t\t\t\t\t<div class=\"elementor-container elementor-column-gap-default\">\n\t\t\t\t\t<div class=\"elementor-column elementor-col-50 elementor-top-column elementor-element elementor-element-0b82393\" data-id=\"0b82393\" data-element_type=\"column\">\n\t\t\t<div class=\"elementor-widget-wrap elementor-element-populated\">\n\t\t\t\t\t\t<div class=\"elementor-element elementor-element-3d3c4a0 elementor-widget__width-auto elementor-widget elementor-widget-onegoal_core_single_image\" data-id=\"3d3c4a0\" data-element_type=\"widget\" data-widget_type=\"onegoal_core_single_image.default\">\n\t\t\t\t<div class=\"elementor-widget-container\">\n\t\t\t<div class=\"qodef-shortcode qodef-m  qodef-single-image qodef-layout--default\" style=\"--qode-border-radius: 0px\">\n\t\t\t<div class=\"qodef-m-image\">\n\t\t\t\t\t\t\t\t<img fetchpriority=\"high\" decoding=\"async\" width=\"650\" height=\"850\" src=\"https:\/\/www.wertec-gmbh.at\/wp-content\/uploads\/wertec-services-061251.jpg\" class=\"attachment-full size-full\" alt=\"Wertec Services 061251\" srcset=\"https:\/\/www.wertec-gmbh.at\/wp-content\/uploads\/wertec-services-061251.jpg 650w, https:\/\/www.wertec-gmbh.at\/wp-content\/uploads\/wertec-services-061251-229x300.jpg 229w, https:\/\/www.wertec-gmbh.at\/wp-content\/uploads\/wertec-services-061251-9x12.jpg 9w\" sizes=\"(max-width: 650px) 100vw, 650px\" \/>\t\t\t\t\t\t\t<\/div>\n\t<\/div>\n\t\t<\/div>\n\t\t\t\t<\/div>\n\t\t\t\t\t<\/div>\n\t\t<\/div>\n\t\t\t\t<div class=\"elementor-column elementor-col-50 elementor-top-column elementor-element elementor-element-0403b0c\" data-id=\"0403b0c\" data-element_type=\"column\">\n\t\t\t<div class=\"elementor-widget-wrap elementor-element-populated\">\n\t\t\t\t\t\t<section class=\"elementor-section elementor-inner-section elementor-element elementor-element-d15de15 elementor-section-full_width elementor-section-height-default elementor-section-height-default\" data-id=\"d15de15\" data-element_type=\"section\">\n\t\t\t\t\t\t<div class=\"elementor-container elementor-column-gap-default\">\n\t\t\t\t\t<div class=\"elementor-column elementor-col-100 elementor-inner-column elementor-element elementor-element-0ac4d9b\" data-id=\"0ac4d9b\" data-element_type=\"column\">\n\t\t\t<div class=\"elementor-widget-wrap elementor-element-populated\">\n\t\t\t\t\t\t<div class=\"elementor-element elementor-element-addc108 elementor-widget-tablet__width-inherit elementor-widget elementor-widget-onegoal_core_section_title\" data-id=\"addc108\" data-element_type=\"widget\" data-widget_type=\"onegoal_core_section_title.default\">\n\t\t\t\t<div class=\"elementor-widget-container\">\n\t\t\t<div class=\"qodef-shortcode qodef-m  qodef-section-title qodef-alignment--left qodef-title-break--disabled\">\n\t\t<div class=\"qodef-m-subtitle\" >\n\t\tTechnische Anwendungsdienste\t<\/div>\n\t\t<\/div>\n\t\t<\/div>\n\t\t\t\t<\/div>\n\t\t\t\t<div class=\"elementor-element elementor-element-afda20a elementor-widget elementor-widget-text-editor\" data-id=\"afda20a\" data-element_type=\"widget\" data-widget_type=\"text-editor.default\">\n\t\t\t\t<div class=\"elementor-widget-container\">\n\t\t\t\t\t\t\t<p>Unter <strong>wertec<\/strong> bieten wir gezielte technische Unterst\u00fctzung f\u00fcr die Kunststoff- und Kautschukindustrie und helfen unseren Kunden, eine konsistente Additivleistung und zuverl\u00e4ssige Verarbeitungsergebnisse zu erzielen. Unsere Arbeit konzentriert sich auf die Verkn\u00fcpfung von Formulierungswissen mit praktischen Anwendungen und unterst\u00fctzt die Entwicklung, Optimierung und Fehlerbehebung von Polymersystemen auf der Grundlage spezifischer Material- und Prozessanforderungen.<\/p>\t\t\t\t\t\t<\/div>\n\t\t\t\t<\/div>\n\t\t\t\t\t<\/div>\n\t\t<\/div>\n\t\t\t\t\t<\/div>\n\t\t<\/section>\n\t\t\t\t<section class=\"elementor-section elementor-inner-section elementor-element elementor-element-d9476eb elementor-section-full_width elementor-section-height-default elementor-section-height-default\" data-id=\"d9476eb\" data-element_type=\"section\">\n\t\t\t\t\t\t<div class=\"elementor-container elementor-column-gap-default\">\n\t\t\t\t\t<div class=\"elementor-column elementor-col-100 elementor-inner-column elementor-element elementor-element-8b7e316\" data-id=\"8b7e316\" data-element_type=\"column\">\n\t\t\t<div class=\"elementor-widget-wrap elementor-element-populated\">\n\t\t\t\t\t\t<div class=\"elementor-element elementor-element-31313f0 elementor-widget elementor-widget-spacer\" data-id=\"31313f0\" data-element_type=\"widget\" data-widget_type=\"spacer.default\">\n\t\t\t\t<div class=\"elementor-widget-container\">\n\t\t\t\t\t<div class=\"elementor-spacer\">\n\t\t\t<div class=\"elementor-spacer-inner\"><\/div>\n\t\t<\/div>\n\t\t\t\t<\/div>\n\t\t\t\t<\/div>\n\t\t\t\t<div class=\"elementor-element elementor-element-99c1cb1 elementor-icon-list--layout-traditional elementor-list-item-link-full_width elementor-widget elementor-widget-icon-list\" data-id=\"99c1cb1\" data-element_type=\"widget\" data-widget_type=\"icon-list.default\">\n\t\t\t\t<div class=\"elementor-widget-container\">\n\t\t\t\t\t<ul class=\"elementor-icon-list-items\">\n\t\t\t\t\t\t\t<li class=\"elementor-icon-list-item\">\n\t\t\t\t\t\t\t\t\t\t\t<a href=\"\/de\/general-analysis-methods\/\">\n\n\t\t\t\t\t\t\t\t\t\t\t\t<span class=\"elementor-icon-list-icon\">\n\t\t\t\t\t\t\t<svg aria-hidden=\"true\" class=\"e-font-icon-svg e-fas-arrow-right\" viewbox=\"0 0 448 512\" xmlns=\"http:\/\/www.w3.org\/2000\/svg\"><path d=\"M190.5 66.9l22.2-22.2c9.4-9.4 24.6-9.4 33.9 0L441 239c9.4 9.4 9.4 24.6 0 33.9L246.6 467.3c-9.4 9.4-24.6 9.4-33.9 0l-22.2-22.2c-9.5-9.5-9.3-25 .4-34.3L311.4 296H24c-13.3 0-24-10.7-24-24v-32c0-13.3 10.7-24 24-24h287.4L190.9 101.2c-9.8-9.3-10-24.8-.4-34.3z\"><\/path><\/svg>\t\t\t\t\t\t<\/span>\n\t\t\t\t\t\t\t\t\t\t<span class=\"elementor-icon-list-text\">Allgemeine Analysemethoden<\/span>\n\t\t\t\t\t\t\t\t\t\t\t<\/a>\n\t\t\t\t\t\t\t\t\t<\/li>\n\t\t\t\t\t\t<\/ul>\n\t\t\t\t<\/div>\n\t\t\t\t<\/div>\n\t\t\t\t<div class=\"elementor-element elementor-element-e9b3c96 elementor-icon-list--layout-traditional elementor-list-item-link-full_width elementor-widget elementor-widget-icon-list\" data-id=\"e9b3c96\" data-element_type=\"widget\" data-widget_type=\"icon-list.default\">\n\t\t\t\t<div class=\"elementor-widget-container\">\n\t\t\t\t\t<ul class=\"elementor-icon-list-items\">\n\t\t\t\t\t\t\t<li class=\"elementor-icon-list-item\">\n\t\t\t\t\t\t\t\t\t\t\t<a href=\"\/de\/application-services-in-rubber-industry\/\">\n\n\t\t\t\t\t\t\t\t\t\t\t\t<span class=\"elementor-icon-list-icon\">\n\t\t\t\t\t\t\t<svg aria-hidden=\"true\" class=\"e-font-icon-svg e-fas-arrow-right\" viewbox=\"0 0 448 512\" xmlns=\"http:\/\/www.w3.org\/2000\/svg\"><path d=\"M190.5 66.9l22.2-22.2c9.4-9.4 24.6-9.4 33.9 0L441 239c9.4 9.4 9.4 24.6 0 33.9L246.6 467.3c-9.4 9.4-24.6 9.4-33.9 0l-22.2-22.2c-9.5-9.5-9.3-25 .4-34.3L311.4 296H24c-13.3 0-24-10.7-24-24v-32c0-13.3 10.7-24 24-24h287.4L190.9 101.2c-9.8-9.3-10-24.8-.4-34.3z\"><\/path><\/svg>\t\t\t\t\t\t<\/span>\n\t\t\t\t\t\t\t\t\t\t<span class=\"elementor-icon-list-text\">Anwendungsdienste in der Gummiindustrie<\/span>\n\t\t\t\t\t\t\t\t\t\t\t<\/a>\n\t\t\t\t\t\t\t\t\t<\/li>\n\t\t\t\t\t\t<\/ul>\n\t\t\t\t<\/div>\n\t\t\t\t<\/div>\n\t\t\t\t<div class=\"elementor-element elementor-element-d37fbe2 elementor-icon-list--layout-traditional elementor-list-item-link-full_width elementor-widget elementor-widget-icon-list\" data-id=\"d37fbe2\" data-element_type=\"widget\" data-widget_type=\"icon-list.default\">\n\t\t\t\t<div class=\"elementor-widget-container\">\n\t\t\t\t\t<ul class=\"elementor-icon-list-items\">\n\t\t\t\t\t\t\t<li class=\"elementor-icon-list-item\">\n\t\t\t\t\t\t\t\t\t\t\t<a href=\"\/de\/application-services-in-plastic-industry\/\">\n\n\t\t\t\t\t\t\t\t\t\t\t\t<span class=\"elementor-icon-list-icon\">\n\t\t\t\t\t\t\t<svg aria-hidden=\"true\" class=\"e-font-icon-svg e-fas-arrow-right\" viewbox=\"0 0 448 512\" xmlns=\"http:\/\/www.w3.org\/2000\/svg\"><path d=\"M190.5 66.9l22.2-22.2c9.4-9.4 24.6-9.4 33.9 0L441 239c9.4 9.4 9.4 24.6 0 33.9L246.6 467.3c-9.4 9.4-24.6 9.4-33.9 0l-22.2-22.2c-9.5-9.5-9.3-25 .4-34.3L311.4 296H24c-13.3 0-24-10.7-24-24v-32c0-13.3 10.7-24 24-24h287.4L190.9 101.2c-9.8-9.3-10-24.8-.4-34.3z\"><\/path><\/svg>\t\t\t\t\t\t<\/span>\n\t\t\t\t\t\t\t\t\t\t<span class=\"elementor-icon-list-text\">Anwendungsdienste in der Kunststoffindustrie <\/span>\n\t\t\t\t\t\t\t\t\t\t\t<\/a>\n\t\t\t\t\t\t\t\t\t<\/li>\n\t\t\t\t\t\t<\/ul>\n\t\t\t\t<\/div>\n\t\t\t\t<\/div>\n\t\t\t\t<div class=\"elementor-element elementor-element-af20331 elementor-icon-list--layout-traditional elementor-list-item-link-full_width elementor-widget elementor-widget-icon-list\" data-id=\"af20331\" data-element_type=\"widget\" data-widget_type=\"icon-list.default\">\n\t\t\t\t<div class=\"elementor-widget-container\">\n\t\t\t\t\t<ul class=\"elementor-icon-list-items\">\n\t\t\t\t\t\t\t<li class=\"elementor-icon-list-item\">\n\t\t\t\t\t\t\t\t\t\t\t<a href=\"\/de\/services\/\">\n\n\t\t\t\t\t\t\t\t\t\t\t\t<span class=\"elementor-icon-list-icon\">\n\t\t\t\t\t\t\t<svg aria-hidden=\"true\" class=\"e-font-icon-svg e-fas-arrow-right\" viewbox=\"0 0 448 512\" xmlns=\"http:\/\/www.w3.org\/2000\/svg\"><path d=\"M190.5 66.9l22.2-22.2c9.4-9.4 24.6-9.4 33.9 0L441 239c9.4 9.4 9.4 24.6 0 33.9L246.6 467.3c-9.4 9.4-24.6 9.4-33.9 0l-22.2-22.2c-9.5-9.5-9.3-25 .4-34.3L311.4 296H24c-13.3 0-24-10.7-24-24v-32c0-13.3 10.7-24 24-24h287.4L190.9 101.2c-9.8-9.3-10-24.8-.4-34.3z\"><\/path><\/svg>\t\t\t\t\t\t<\/span>\n\t\t\t\t\t\t\t\t\t\t<span class=\"elementor-icon-list-text\">Vertragliche F&amp;E-Dienstleistungen<\/span>\n\t\t\t\t\t\t\t\t\t\t\t<\/a>\n\t\t\t\t\t\t\t\t\t<\/li>\n\t\t\t\t\t\t<\/ul>\n\t\t\t\t<\/div>\n\t\t\t\t<\/div>\n\t\t\t\t\t<\/div>\n\t\t<\/div>\n\t\t\t\t\t<\/div>\n\t\t<\/section>\n\t\t\t\t\t<\/div>\n\t\t<\/div>\n\t\t\t\t\t<\/div>\n\t\t<\/section>\n\t\t\t\t<section class=\"elementor-section elementor-top-section elementor-element elementor-element-414cee8 qodef-elementor-content-grid elementor-section-boxed elementor-section-height-default elementor-section-height-default\" data-id=\"414cee8\" data-element_type=\"section\">\n\t\t\t\t\t\t<div class=\"elementor-container elementor-column-gap-default\">\n\t\t\t\t\t<div class=\"elementor-column elementor-col-100 elementor-top-column elementor-element elementor-element-9550c0f\" data-id=\"9550c0f\" data-element_type=\"column\" data-settings=\"{&quot;background_background&quot;:&quot;classic&quot;}\">\n\t\t\t<div class=\"elementor-widget-wrap elementor-element-populated\">\n\t\t\t\t\t\t<div class=\"elementor-element elementor-element-bea2f92 elementor-widget-tablet__width-inherit elementor-widget elementor-widget-onegoal_core_section_title\" data-id=\"bea2f92\" data-element_type=\"widget\" data-widget_type=\"onegoal_core_section_title.default\">\n\t\t\t\t<div class=\"elementor-widget-container\">\n\t\t\t<div class=\"qodef-shortcode qodef-m  qodef-section-title qodef-alignment--left qodef-title-break--disabled\">\n\t\t<div class=\"qodef-m-subtitle\" >\n\t\tChemischer F&amp;E-Auftragsdienst\t<\/div>\n\t\t<\/div>\n\t\t<\/div>\n\t\t\t\t<\/div>\n\t\t\t\t<div class=\"elementor-element elementor-element-99f462d elementor-widget elementor-widget-text-editor\" data-id=\"99f462d\" data-element_type=\"widget\" data-widget_type=\"text-editor.default\">\n\t\t\t\t<div class=\"elementor-widget-container\">\n\t\t\t\t\t\t\t<p>Wir haben uns auf die Entwicklung ma\u00dfgeschneiderter nachhaltiger chemischer Anwendungen und L\u00f6sungen spezialisiert, die auf die besonderen Herausforderungen, Leistungsanforderungen und Ziele jedes Kunden zugeschnitten sind. Ganz gleich, ob Sie eine schl\u00fcsselfertige L\u00f6sung f\u00fcr die chemische Forschung und Entwicklung oder spezialisierte Unterst\u00fctzung f\u00fcr eine einzelne Dienstleistung ben\u00f6tigen - wir liefern genau das, was Ihr Projekt erfordert.<\/p>\n<p>Projektbasierter Ansatz:<\/p>\t\t\t\t\t\t<\/div>\n\t\t\t\t<\/div>\n\t\t\t\t<div class=\"elementor-element elementor-element-20db2c1 elementor-widget-tablet__width-inherit elementor-widget elementor-widget-onegoal_core_icon_list_item\" data-id=\"20db2c1\" data-element_type=\"widget\" data-widget_type=\"onegoal_core_icon_list_item.default\">\n\t\t\t\t<div class=\"elementor-widget-container\">\n\t\t\t<div class=\"qodef-icon-list-item qodef-icon--icon-pack\" >\n\t<div class=\"qodef-e-title-inner\">\n\t\t<div class=\"qodef-icon-wrapper\" style=\"background-color: rgba(25, 165, 56, .2);font-size: 28px\">\n\t\t\t<div class=\"qodef-icon-wrapper-inner\" style=\"background-color: rgba(25, 165, 56, .2);font-size: 28px\">\n\t\t\t\t<span class=\"qodef-shortcode qodef-m  qodef-icon-holder  qodef-layout--normal\"  >\t\t\t<span class=\"qodef-icon-elegant-icons arrow_carrot-2down qodef-icon qodef-e\" style=\"\" ><\/span>\t<\/span>\t\t\t<\/div>\n\t\t<\/div>\n\t\t<span class=\"qodef-e-title-text\">Schildern Sie uns Ihre chemischen Herausforderungen oder Ziele in Bezug auf Nachhaltigkeit und Optimierung der Herstellungsprozesse (die Unterzeichnung eines NDA wird in dieser oder der n\u00e4chsten Phase der Gespr\u00e4che empfohlen)<\/span>\n\t<\/div>\n<\/div>\n\t\t<\/div>\n\t\t\t\t<\/div>\n\t\t\t\t<div class=\"elementor-element elementor-element-7dad2c9 elementor-widget-tablet__width-inherit elementor-widget elementor-widget-onegoal_core_icon_list_item\" data-id=\"7dad2c9\" data-element_type=\"widget\" data-widget_type=\"onegoal_core_icon_list_item.default\">\n\t\t\t\t<div class=\"elementor-widget-container\">\n\t\t\t<div class=\"qodef-icon-list-item qodef-icon--icon-pack\" >\n\t<div class=\"qodef-e-title-inner\">\n\t\t<div class=\"qodef-icon-wrapper\" style=\"background-color: rgba(25, 165, 56, .2);font-size: 28px\">\n\t\t\t<div class=\"qodef-icon-wrapper-inner\" style=\"background-color: rgba(25, 165, 56, .2);font-size: 28px\">\n\t\t\t\t<span class=\"qodef-shortcode qodef-m  qodef-icon-holder  qodef-layout--normal\"  >\t\t\t<span class=\"qodef-icon-elegant-icons arrow_carrot-2down qodef-icon qodef-e\" style=\"\" ><\/span>\t<\/span>\t\t\t<\/div>\n\t\t<\/div>\n\t\t<span class=\"qodef-e-title-text\">Sie erhalten von uns ein Feedback und einen vorl\u00e4ufigen Vorschlag mit alternativen L\u00f6sungen<\/span>\n\t<\/div>\n<\/div>\n\t\t<\/div>\n\t\t\t\t<\/div>\n\t\t\t\t<div class=\"elementor-element elementor-element-d0379ea elementor-widget-tablet__width-inherit elementor-widget elementor-widget-onegoal_core_icon_list_item\" data-id=\"d0379ea\" data-element_type=\"widget\" data-widget_type=\"onegoal_core_icon_list_item.default\">\n\t\t\t\t<div class=\"elementor-widget-container\">\n\t\t\t<div class=\"qodef-icon-list-item qodef-icon--icon-pack\" >\n\t<div class=\"qodef-e-title-inner\">\n\t\t<div class=\"qodef-icon-wrapper\" style=\"background-color: rgba(25, 165, 56, .2);font-size: 28px\">\n\t\t\t<div class=\"qodef-icon-wrapper-inner\" style=\"background-color: rgba(25, 165, 56, .2);font-size: 28px\">\n\t\t\t\t<span class=\"qodef-shortcode qodef-m  qodef-icon-holder  qodef-layout--normal\"  >\t\t\t<span class=\"qodef-icon-elegant-icons arrow_carrot-2down qodef-icon qodef-e\" style=\"\" ><\/span>\t<\/span>\t\t\t<\/div>\n\t\t<\/div>\n\t\t<span class=\"qodef-e-title-text\">Vertragsunterzeichnung f\u00fcr FuE-Dienstleistungen und Einleitung der Entwicklungsphase eines Projekts<\/span>\n\t<\/div>\n<\/div>\n\t\t<\/div>\n\t\t\t\t<\/div>\n\t\t\t\t<div class=\"elementor-element elementor-element-947074d elementor-widget-tablet__width-inherit elementor-widget elementor-widget-onegoal_core_icon_list_item\" data-id=\"947074d\" data-element_type=\"widget\" data-widget_type=\"onegoal_core_icon_list_item.default\">\n\t\t\t\t<div class=\"elementor-widget-container\">\n\t\t\t<div class=\"qodef-icon-list-item qodef-icon--icon-pack\" >\n\t<div class=\"qodef-e-title-inner\">\n\t\t<div class=\"qodef-icon-wrapper\" style=\"background-color: rgba(25, 165, 56, .2);font-size: 28px\">\n\t\t\t<div class=\"qodef-icon-wrapper-inner\" style=\"background-color: rgba(25, 165, 56, .2);font-size: 28px\">\n\t\t\t\t<span class=\"qodef-shortcode qodef-m  qodef-icon-holder  qodef-layout--normal\"  >\t\t\t<span class=\"qodef-icon-elegant-icons arrow_carrot-2down qodef-icon qodef-e\" style=\"\" ><\/span>\t<\/span>\t\t\t<\/div>\n\t\t<\/div>\n\t\t<span class=\"qodef-e-title-text\">Regelm\u00e4\u00dfige Berichterstattung und Zusammenarbeit zwischen wertec und dem Kunden \u00fcber Entwicklungsstand, Terminabstimmung und Projekterfolgsbewertung<\/span>\n\t<\/div>\n<\/div>\n\t\t<\/div>\n\t\t\t\t<\/div>\n\t\t\t\t<div class=\"elementor-element elementor-element-339d24a elementor-widget-tablet__width-inherit elementor-widget elementor-widget-onegoal_core_icon_list_item\" data-id=\"339d24a\" data-element_type=\"widget\" data-widget_type=\"onegoal_core_icon_list_item.default\">\n\t\t\t\t<div class=\"elementor-widget-container\">\n\t\t\t<div class=\"qodef-icon-list-item qodef-icon--icon-pack\" >\n\t<div class=\"qodef-e-title-inner\">\n\t\t<div class=\"qodef-icon-wrapper\" style=\"background-color: rgba(25, 165, 56, .2);font-size: 28px\">\n\t\t\t<div class=\"qodef-icon-wrapper-inner\" style=\"background-color: rgba(25, 165, 56, .2);font-size: 28px\">\n\t\t\t\t<span class=\"qodef-shortcode qodef-m  qodef-icon-holder  qodef-layout--normal\"  >\t\t\t<span class=\"qodef-icon-elegant-icons arrow_carrot-2down qodef-icon qodef-e\" style=\"\" ><\/span>\t<\/span>\t\t\t<\/div>\n\t\t<\/div>\n\t\t<span class=\"qodef-e-title-text\">Ende der Entwicklungsphase und Projektabschluss<\/span>\n\t<\/div>\n<\/div>\n\t\t<\/div>\n\t\t\t\t<\/div>\n\t\t\t\t<div class=\"elementor-element elementor-element-7bc1a1d elementor-widget elementor-widget-text-editor\" data-id=\"7bc1a1d\" data-element_type=\"widget\" data-widget_type=\"text-editor.default\">\n\t\t\t\t<div class=\"elementor-widget-container\">\n\t\t\t\t\t\t\t<p>Der Erfolg eines jeden Projekts oder einer einzelnen F&amp;E-Dienstleistung beruht auf mehreren wesentlichen S\u00e4ulen unserer Arbeit:<\/p>\t\t\t\t\t\t<\/div>\n\t\t\t\t<\/div>\n\t\t\t\t<div class=\"elementor-element elementor-element-8bad302 elementor-widget-tablet__width-inherit elementor-widget elementor-widget-onegoal_core_icon_list_item\" data-id=\"8bad302\" data-element_type=\"widget\" data-widget_type=\"onegoal_core_icon_list_item.default\">\n\t\t\t\t<div class=\"elementor-widget-container\">\n\t\t\t<div class=\"qodef-icon-list-item qodef-icon--custom-icon\" >\n\t<div class=\"qodef-e-title-inner\">\n\t\t<div class=\"qodef-icon-wrapper\" style=\"background-color: rgba(25, 165, 56, .2);font-size: 28px\">\n\t\t\t<div class=\"qodef-icon-wrapper-inner\" style=\"background-color: rgba(25, 165, 56, .2);font-size: 28px\">\n\t\t\t\t<img decoding=\"async\" width=\"14\" height=\"10\" src=\"https:\/\/www.wertec-gmbh.at\/wp-content\/uploads\/h7-checkmark-icon.png\" class=\"attachment-full size-full\" alt=\"f\" \/>\t\t\t<\/div>\n\t\t<\/div>\n\t\t<span class=\"qodef-e-title-text\">Kompetentes und innovatives Vorgehen der wertec-Spezialisten<\/span>\n\t<\/div>\n<\/div>\n\t\t<\/div>\n\t\t\t\t<\/div>\n\t\t\t\t<div class=\"elementor-element elementor-element-5bfb6d5 elementor-widget-tablet__width-inherit elementor-widget elementor-widget-onegoal_core_icon_list_item\" data-id=\"5bfb6d5\" data-element_type=\"widget\" data-widget_type=\"onegoal_core_icon_list_item.default\">\n\t\t\t\t<div class=\"elementor-widget-container\">\n\t\t\t<div class=\"qodef-icon-list-item qodef-icon--custom-icon\" >\n\t<div class=\"qodef-e-title-inner\">\n\t\t<div class=\"qodef-icon-wrapper\" style=\"background-color: rgba(25, 165, 56, .2);font-size: 28px\">\n\t\t\t<div class=\"qodef-icon-wrapper-inner\" style=\"background-color: rgba(25, 165, 56, .2);font-size: 28px\">\n\t\t\t\t<img decoding=\"async\" width=\"14\" height=\"10\" src=\"https:\/\/www.wertec-gmbh.at\/wp-content\/uploads\/h7-checkmark-icon.png\" class=\"attachment-full size-full\" alt=\"f\" \/>\t\t\t<\/div>\n\t\t<\/div>\n\t\t<span class=\"qodef-e-title-text\">Partnerschaft - wiederkehrende Updates und Zusammenarbeit zwischen wertec und dem Kunden<\/span>\n\t<\/div>\n<\/div>\n\t\t<\/div>\n\t\t\t\t<\/div>\n\t\t\t\t<div class=\"elementor-element elementor-element-a4c4e59 elementor-widget-tablet__width-inherit elementor-widget elementor-widget-onegoal_core_icon_list_item\" data-id=\"a4c4e59\" data-element_type=\"widget\" data-widget_type=\"onegoal_core_icon_list_item.default\">\n\t\t\t\t<div class=\"elementor-widget-container\">\n\t\t\t<div class=\"qodef-icon-list-item qodef-icon--custom-icon\" >\n\t<div class=\"qodef-e-title-inner\">\n\t\t<div class=\"qodef-icon-wrapper\" style=\"background-color: rgba(25, 165, 56, .2);font-size: 28px\">\n\t\t\t<div class=\"qodef-icon-wrapper-inner\" style=\"background-color: rgba(25, 165, 56, .2);font-size: 28px\">\n\t\t\t\t<img decoding=\"async\" width=\"14\" height=\"10\" src=\"https:\/\/www.wertec-gmbh.at\/wp-content\/uploads\/h7-checkmark-icon.png\" class=\"attachment-full size-full\" alt=\"f\" \/>\t\t\t<\/div>\n\t\t<\/div>\n\t\t<span class=\"qodef-e-title-text\">Kostentransparenz - Budgetplanung und Realisierung nach detaillierten Arbeitspaketen und Meilensteinen<\/span>\n\t<\/div>\n<\/div>\n\t\t<\/div>\n\t\t\t\t<\/div>\n\t\t\t\t\t<\/div>\n\t\t<\/div>\n\t\t\t\t\t<\/div>\n\t\t<\/section>\n\t\t\t\t<section class=\"elementor-section elementor-top-section elementor-element elementor-element-e571767 qodef-elementor-content-grid elementor-section-boxed elementor-section-height-default elementor-section-height-default\" data-id=\"e571767\" data-element_type=\"section\">\n\t\t\t\t\t\t<div class=\"elementor-container elementor-column-gap-default\">\n\t\t\t\t\t<div class=\"elementor-column elementor-col-100 elementor-top-column elementor-element elementor-element-0201401\" data-id=\"0201401\" data-element_type=\"column\">\n\t\t\t<div class=\"elementor-widget-wrap\">\n\t\t\t\t\t\t\t<\/div>\n\t\t<\/div>\n\t\t\t\t\t<\/div>\n\t\t<\/section>\n\t\t\t\t<\/div>","protected":false},"excerpt":{"rendered":"<p>services What we Offer Technical Application Services At wertec we provide targeted technical support to the plastics and rubber industries, helping customers achieve consistent additive performance and reliable processing outcomes. Our work focuses on bridging formulation knowledge with real-world application, supporting the development, optimization, and troubleshooting of polymer systems based on specific material and process [&hellip;]<\/p>","protected":false},"author":1,"featured_media":0,"parent":0,"menu_order":0,"comment_status":"closed","ping_status":"closed","template":"page-full-width.php","meta":{"slim_seo":{"description":"Customized R&D development of plant-based additives for manufacturing processes. R&D support for sustainable future. Unique solutions to complex chemical challenges."},"footnotes":""},"class_list":["post-4398","page","type-page","status-publish","hentry"],"_links":{"self":[{"href":"https:\/\/www.wertec-gmbh.at\/de\/wp-json\/wp\/v2\/pages\/4398","targetHints":{"allow":["GET"]}}],"collection":[{"href":"https:\/\/www.wertec-gmbh.at\/de\/wp-json\/wp\/v2\/pages"}],"about":[{"href":"https:\/\/www.wertec-gmbh.at\/de\/wp-json\/wp\/v2\/types\/page"}],"author":[{"embeddable":true,"href":"https:\/\/www.wertec-gmbh.at\/de\/wp-json\/wp\/v2\/users\/1"}],"replies":[{"embeddable":true,"href":"https:\/\/www.wertec-gmbh.at\/de\/wp-json\/wp\/v2\/comments?post=4398"}],"version-history":[{"count":76,"href":"https:\/\/www.wertec-gmbh.at\/de\/wp-json\/wp\/v2\/pages\/4398\/revisions"}],"predecessor-version":[{"id":8599,"href":"https:\/\/www.wertec-gmbh.at\/de\/wp-json\/wp\/v2\/pages\/4398\/revisions\/8599"}],"wp:attachment":[{"href":"https:\/\/www.wertec-gmbh.at\/de\/wp-json\/wp\/v2\/media?parent=4398"}],"curies":[{"name":"wp","href":"https:\/\/api.w.org\/{rel}","templated":true}]}}