{"id":8037,"date":"2024-04-02T20:13:57","date_gmt":"2024-04-02T18:13:57","guid":{"rendered":"https:\/\/wertec.absentico.net\/?page_id=8037"},"modified":"2024-05-13T17:57:21","modified_gmt":"2024-05-13T15:57:21","slug":"sustainability","status":"publish","type":"page","link":"https:\/\/www.wertec-gmbh.at\/de\/sustainability\/","title":{"rendered":"Nachhaltigkeit"},"content":{"rendered":"<div data-elementor-type=\"wp-page\" data-elementor-id=\"8037\" class=\"elementor elementor-8037\" data-elementor-post-type=\"page\">\n\t\t\t\t\t\t<section class=\"elementor-section elementor-top-section elementor-element elementor-element-d8870f0 elementor-section-full_width elementor-section-height-default elementor-section-height-default\" data-id=\"d8870f0\" data-element_type=\"section\">\n\t\t\t\t\t\t<div class=\"elementor-container elementor-column-gap-default\">\n\t\t\t\t\t<div class=\"elementor-column elementor-col-100 elementor-top-column elementor-element elementor-element-6a830f3\" data-id=\"6a830f3\" data-element_type=\"column\">\n\t\t\t<div class=\"elementor-widget-wrap elementor-element-populated\">\n\t\t\t\t\t\t<div class=\"elementor-element elementor-element-a6dade1 elementor-widget elementor-widget-onegoal_core_section_title\" data-id=\"a6dade1\" data-element_type=\"widget\" data-widget_type=\"onegoal_core_section_title.default\">\n\t\t\t\t<div class=\"elementor-widget-container\">\n\t\t\t<div class=\"qodef-shortcode qodef-m  qodef-section-title qodef-alignment--left\">\n\t\t<div class=\"qodef-m-subtitle\" style=\"margin-bottom: 15px\">\n\t\tNachhaltigkeit\t<\/div>\n\t\t<h2 class=\"qodef-m-title\" >\n\t\t\t\t\t<span class=\"qodef-m-decorated\">Nachhaltigkeit<\/span> <span class=\"qodef-m-decorated\">f\u00fcr<\/span> <span class=\"qodef-m-decorated\">Hersteller<\/span>\t\t\t<\/h2>\n\t<\/div>\n\t\t<\/div>\n\t\t\t\t<\/div>\n\t\t\t\t\t<\/div>\n\t\t<\/div>\n\t\t\t\t\t<\/div>\n\t\t<\/section>\n\t\t\t\t<section class=\"elementor-section elementor-top-section elementor-element elementor-element-a21328c elementor-section-full_width elementor-section-height-min-height elementor-section-height-default elementor-section-items-middle\" data-id=\"a21328c\" data-element_type=\"section\">\n\t\t\t\t\t\t<div class=\"elementor-container elementor-column-gap-default\">\n\t\t\t\t\t<div class=\"elementor-column elementor-col-100 elementor-top-column elementor-element elementor-element-aea6c88\" data-id=\"aea6c88\" data-element_type=\"column\">\n\t\t\t<div class=\"elementor-widget-wrap\">\n\t\t\t\t\t\t\t<\/div>\n\t\t<\/div>\n\t\t\t\t\t<\/div>\n\t\t<\/section>\n\t\t\t\t<section class=\"elementor-section elementor-top-section elementor-element elementor-element-f856273 elementor-section-full_width qodef-elementor-content-grid elementor-section-height-default elementor-section-height-default\" data-id=\"f856273\" data-element_type=\"section\">\n\t\t\t\t\t\t<div class=\"elementor-container elementor-column-gap-no\">\n\t\t\t\t\t<div class=\"elementor-column elementor-col-50 elementor-top-column elementor-element elementor-element-369873e\" data-id=\"369873e\" data-element_type=\"column\">\n\t\t\t<div class=\"elementor-widget-wrap elementor-element-populated\">\n\t\t\t\t\t\t<div class=\"elementor-element elementor-element-650464a elementor-widget elementor-widget-onegoal_core_section_title\" data-id=\"650464a\" data-element_type=\"widget\" data-widget_type=\"onegoal_core_section_title.default\">\n\t\t\t\t<div class=\"elementor-widget-container\">\n\t\t\t<div class=\"qodef-shortcode qodef-m  qodef-section-title qodef-alignment--left\">\n\t\t<div class=\"qodef-m-subtitle\" style=\"margin-bottom: 30px\">\n\t\tNachhaltige Entwicklung\t<\/div>\n\t\t<h5 class=\"qodef-m-title translation-block\" >Nachhaltigkeit bedeutet heute einen\ngrundlegenden Wandel in der Art und Weise,\nwie wir mit unserem Planeten umgehen, indem\nwir uns der Verantwortung bewusst werden,\ndie wir alle bei der Bek\u00e4mpfung des\nKlimawandels und der Bew\u00e4ltigung sozialer\nProbleme haben, und indem wir uns um eine\nges\u00fcndere, sicherere und wohlhabendere\nZukunft bem\u00fchen.<\/h5>\n\t<\/div>\n\t\t<\/div>\n\t\t\t\t<\/div>\n\t\t\t\t\t<\/div>\n\t\t<\/div>\n\t\t\t\t<div class=\"elementor-column elementor-col-50 elementor-top-column elementor-element elementor-element-1ac2e58\" data-id=\"1ac2e58\" data-element_type=\"column\">\n\t\t\t<div class=\"elementor-widget-wrap elementor-element-populated\">\n\t\t\t\t\t\t<div class=\"elementor-element elementor-element-b455518 elementor-widget elementor-widget-text-editor\" data-id=\"b455518\" data-element_type=\"widget\" data-widget_type=\"text-editor.default\">\n\t\t\t\t<div class=\"elementor-widget-container\">\n\t\t\t\t\t\t\t<p>Nachhaltigkeit steht heutzutage f\u00fcr einen grundlegenden Wandel in der Art und Weise, wie wir mit unserem Planeten umgehen, indem wir uns der Verantwortung bewusst werden, die wir alle bei der Bek\u00e4mpfung des Klimawandels und der Bew\u00e4ltigung sozialer Probleme haben, und uns um eine ges\u00fcndere, sicherere und wohlhabendere Zukunft bem\u00fchen.<\/p><p class=\" translation-block\"><strong>Die Agenda 2030, der europ\u00e4ische Green\nDeal und das \u201eParis Agreement\u201c<\/strong> sowie\nzahlreiche lokale Gesetzgebungen geh\u00f6ren zu\nden wichtigsten Initiativen, in denen sich die\nmeisten L\u00e4nder der Welt verpflichten, ihre\nKr\u00e4fte zur Erreichung der Ziele f\u00fcr nachhaltige\nEntwicklung zu b\u00fcndeln. Diese Vereinbarungen\nstehen auch f\u00fcr die gemeinsame Erkenntnis,\ndass die gedeihliche Zukunft unseres Planeten\nin den H\u00e4nden jedes einzelnen Mitglieds der\nGesellschaft, jedes Unternehmens, jeder\nOrganisation, Institution oder Regierung liegt.<\/p><p>Mit der Einf\u00fchrung und Umsetzung einer\nzunehmenden Zahl von Gesetzen,\nProgrammen und Grunds\u00e4tzen werden alle\nUnternehmen dazu angehalten, \u00fcber ihre\ninternen Prozesse hinauszuschauen und \u00fcber\nihre Auswirkungen auf die Umwelt und die\nGesellschaft nachzudenken. Dar\u00fcber hinaus\nwerden viele gr\u00f6\u00dfere Unternehmen gem\u00e4\u00df der\nRichtlinie zur Nachhaltigkeitsberichterstattung\n(CSRD) verpflichtet sein, im Rahmen ihres\nLageberichts \u00fcber verschiedene Umwelt-\n,\nSozial- und Governance-Kennzahlen zu\nberichten, wobei<\/p>\t\t\t\t\t\t<\/div>\n\t\t\t\t<\/div>\n\t\t\t\t\t<\/div>\n\t\t<\/div>\n\t\t\t\t\t<\/div>\n\t\t<\/section>\n\t\t\t\t<section class=\"elementor-section elementor-top-section elementor-element elementor-element-d751f4d elementor-section-full_width elementor-section-height-min-height elementor-section-items-bottom elementor-section-height-default\" data-id=\"d751f4d\" data-element_type=\"section\">\n\t\t\t\t\t\t<div class=\"elementor-container elementor-column-gap-no\">\n\t\t\t\t\t<div class=\"elementor-column elementor-col-100 elementor-top-column elementor-element elementor-element-914c314\" data-id=\"914c314\" data-element_type=\"column\">\n\t\t\t<div class=\"elementor-widget-wrap elementor-element-populated\">\n\t\t\t\t\t\t<div class=\"elementor-element elementor-element-19d76c9 elementor-widget__width-initial elementor-widget elementor-widget-text-editor\" data-id=\"19d76c9\" data-element_type=\"widget\" data-widget_type=\"text-editor.default\">\n\t\t\t\t<div class=\"elementor-widget-container\">\n\t\t\t\t\t\t\t<h5><span style=\"color: #ffffff;\">Hersteller auf der ganzen Welt erkennen\nzunehmend die Notwendigkeit nachhaltiger Praktiken und die zentrale Rolle, die sie bei der\nUmstellung auf eine sauberere und\nverantwortungsvollere Produktion spielen. Die\nUmsetzung nachhaltiger Praktiken erfordert\njedoch eine Reihe von technologischen\nVerbesserungen, Ressourcenplanung, Wissen\nund einen umfassenden systematischen\nAnsatz.<\/span><\/h5>\t\t\t\t\t\t<\/div>\n\t\t\t\t<\/div>\n\t\t\t\t\t<\/div>\n\t\t<\/div>\n\t\t\t\t\t<\/div>\n\t\t<\/section>\n\t\t\t\t<section class=\"elementor-section elementor-top-section elementor-element elementor-element-504ea50 elementor-section-full_width qodef-elementor-content-grid elementor-section-height-default elementor-section-height-default\" data-id=\"504ea50\" data-element_type=\"section\">\n\t\t\t\t\t\t<div class=\"elementor-container elementor-column-gap-no\">\n\t\t\t\t\t<div class=\"elementor-column elementor-col-50 elementor-top-column elementor-element elementor-element-1af298a\" data-id=\"1af298a\" data-element_type=\"column\">\n\t\t\t<div class=\"elementor-widget-wrap elementor-element-populated\">\n\t\t\t\t\t\t<div class=\"elementor-element elementor-element-b2d37c3 elementor-widget elementor-widget-onegoal_core_section_title\" data-id=\"b2d37c3\" data-element_type=\"widget\" data-widget_type=\"onegoal_core_section_title.default\">\n\t\t\t\t<div class=\"elementor-widget-container\">\n\t\t\t<div class=\"qodef-shortcode qodef-m  qodef-section-title qodef-alignment--left\">\n\t\t<div class=\"qodef-m-subtitle\" style=\"margin-bottom: 30px\">\n\t\tNachhaltigkeit f\u00fcr Hersteller\t<\/div>\n\t\t<h5 class=\"qodef-m-title translation-block\" >Unser Ziel bei wertec ist es, unsere Kunden zu\nunterst\u00fctzen und die Prozesse zu erleichtern,\ndie f\u00fcr die Schaffung, Entwicklung und\nUmsetzung von L\u00f6sungen erforderlich sind, die\nin der Lage sind, Nachhaltigkeit in all ihren\nErscheinungsformen zu erreichen:<\/h5>\n\t<\/div>\n\t\t<\/div>\n\t\t\t\t<\/div>\n\t\t\t\t\t<\/div>\n\t\t<\/div>\n\t\t\t\t<div class=\"elementor-column elementor-col-50 elementor-top-column elementor-element elementor-element-a14990b\" data-id=\"a14990b\" data-element_type=\"column\">\n\t\t\t<div class=\"elementor-widget-wrap elementor-element-populated\">\n\t\t\t\t\t\t<div class=\"elementor-element elementor-element-c155d00 elementor-widget elementor-widget-text-editor\" data-id=\"c155d00\" data-element_type=\"widget\" data-widget_type=\"text-editor.default\">\n\t\t\t\t<div class=\"elementor-widget-container\">\n\t\t\t\t\t\t\t<p><span style=\"color: #19a538;\">&gt;<\/span> Verringerung des CO2-Fu\u00dfabdrucks und\nEnergieeffizienz<br \/><span style=\"color: #19a538;\">&gt;<\/span> Ersatz von chemischen Produkten auf\nErd\u00f6lbasis durch solche auf Pflanzenbasis<br \/><span style=\"color: #19a538;\">&gt;<\/span> Beseitigung und Ersatz von giftigen und\nsch\u00e4dlichen Substanzen<br \/><span style=\"color: #19a538;\">&gt;<\/span> Anwendung von Modellen der\nKreislaufwirtschaft<br \/><span style=\"color: #19a538;\">&gt;<\/span> Kosteneinsparungen - nachhaltige Praktiken,\ndie letztendlich zu Kosteneinsparungen f\u00fchren\nk\u00f6nnen<br \/><span style=\"color: #19a538;\">&gt;<\/span> Kooperationen f\u00fcr nachhaltige Entwicklungen<\/p><p>Die weltweiten Bem\u00fchungen um nachhaltige\nPraktiken variieren je nach Region und den\nVorschriften, die zur Bew\u00e4ltigung lokaler\nUmweltprobleme erlassen wurden.\nZusammenarbeit, Wissensaustausch und\nglobale Kooperation sind entscheidend, um\neine nachhaltigere Fertigungsindustrie\nweltweit zu erreichen.<br \/>Wir verpflichten uns, mit Beharrlichkeit und\nMotivation an der kontinuierlichen\nVerbesserung von Verfahren, sauberen\nProdukten und ressourceneffizienten\nL\u00f6sungen zu arbeiten, die es unseren Kunden\nerm\u00f6glichen, einen wichtigen Beitrag zu einer\ngr\u00fcneren und nachhaltigeren Zukunft zu\nleisten!<\/p>\t\t\t\t\t\t<\/div>\n\t\t\t\t<\/div>\n\t\t\t\t\t<\/div>\n\t\t<\/div>\n\t\t\t\t\t<\/div>\n\t\t<\/section>\n\t\t\t\t<section class=\"elementor-section elementor-top-section elementor-element elementor-element-35739c2 elementor-section-full_width elementor-section-height-min-height elementor-section-height-default elementor-section-items-middle\" data-id=\"35739c2\" data-element_type=\"section\">\n\t\t\t\t\t\t<div class=\"elementor-container elementor-column-gap-no\">\n\t\t\t\t\t<div class=\"elementor-column elementor-col-100 elementor-top-column elementor-element elementor-element-cdfccdc\" data-id=\"cdfccdc\" data-element_type=\"column\">\n\t\t\t<div class=\"elementor-widget-wrap\">\n\t\t\t\t\t\t\t<\/div>\n\t\t<\/div>\n\t\t\t\t\t<\/div>\n\t\t<\/section>\n\t\t\t\t<\/div>","protected":false},"excerpt":{"rendered":"<p>Nachhaltigkeit Nachhaltigkeit in der Fertigung Nachhaltige Entwicklung Die Notwendigkeit, sich an nachhaltige Praktiken anzupassen, betrifft heute alle Bereiche unseres Lebens. Die Politik der Nachhaltigkeit ist nicht mehr nur eine Empfehlung, sondern wird immer mehr zu einer Notwendigkeit f\u00fcr L\u00e4nder, Unternehmen und Einzelpersonen. Nachhaltigkeit bedeutet heutzutage eine grundlegende Ver\u00e4nderung der Art und Weise, wie wir mit [...]<\/p>","protected":false},"author":1,"featured_media":0,"parent":0,"menu_order":0,"comment_status":"closed","ping_status":"closed","template":"page-full-width.php","meta":{"slim_seo":{"description":"We support manufacturers in their transition to sustainable production. Chemical solutions with low carbon footprint, replacing petroleum based products with plant-based ones."},"footnotes":""},"class_list":["post-8037","page","type-page","status-publish","hentry"],"_links":{"self":[{"href":"https:\/\/www.wertec-gmbh.at\/de\/wp-json\/wp\/v2\/pages\/8037","targetHints":{"allow":["GET"]}}],"collection":[{"href":"https:\/\/www.wertec-gmbh.at\/de\/wp-json\/wp\/v2\/pages"}],"about":[{"href":"https:\/\/www.wertec-gmbh.at\/de\/wp-json\/wp\/v2\/types\/page"}],"author":[{"embeddable":true,"href":"https:\/\/www.wertec-gmbh.at\/de\/wp-json\/wp\/v2\/users\/1"}],"replies":[{"embeddable":true,"href":"https:\/\/www.wertec-gmbh.at\/de\/wp-json\/wp\/v2\/comments?post=8037"}],"version-history":[{"count":55,"href":"https:\/\/www.wertec-gmbh.at\/de\/wp-json\/wp\/v2\/pages\/8037\/revisions"}],"predecessor-version":[{"id":8375,"href":"https:\/\/www.wertec-gmbh.at\/de\/wp-json\/wp\/v2\/pages\/8037\/revisions\/8375"}],"wp:attachment":[{"href":"https:\/\/www.wertec-gmbh.at\/de\/wp-json\/wp\/v2\/media?parent=8037"}],"curies":[{"name":"wp","href":"https:\/\/api.w.org\/{rel}","templated":true}]}}