{"id":8202,"date":"2024-04-06T13:20:00","date_gmt":"2024-04-06T11:20:00","guid":{"rendered":"https:\/\/wertec.absentico.net\/?page_id=8202"},"modified":"2024-06-04T11:02:21","modified_gmt":"2024-06-04T09:02:21","slug":"downloads","status":"publish","type":"page","link":"https:\/\/www.wertec-gmbh.at\/de\/downloads\/","title":{"rendered":"Downloads"},"content":{"rendered":"<div data-elementor-type=\"wp-page\" data-elementor-id=\"8202\" class=\"elementor elementor-8202\" data-elementor-post-type=\"page\">\n\t\t\t\t\t\t<section class=\"elementor-section elementor-top-section elementor-element elementor-element-36fda22 elementor-section-full_width elementor-section-height-default elementor-section-height-default\" data-id=\"36fda22\" data-element_type=\"section\">\n\t\t\t\t\t\t<div class=\"elementor-container elementor-column-gap-default\">\n\t\t\t\t\t<div class=\"elementor-column elementor-col-100 elementor-top-column elementor-element elementor-element-246c719\" data-id=\"246c719\" data-element_type=\"column\">\n\t\t\t<div class=\"elementor-widget-wrap elementor-element-populated\">\n\t\t\t\t\t\t<div class=\"elementor-element elementor-element-056c975 elementor-widget elementor-widget-onegoal_core_section_title\" data-id=\"056c975\" data-element_type=\"widget\" data-widget_type=\"onegoal_core_section_title.default\">\n\t\t\t\t<div class=\"elementor-widget-container\">\n\t\t\t<div class=\"qodef-shortcode qodef-m  qodef-section-title qodef-alignment--left\">\n\t\t<div class=\"qodef-m-subtitle\" style=\"margin-bottom: 15px\">\n\t\tDownloads\t<\/div>\n\t\t<h2 class=\"qodef-m-title translation-block\" >Unsere Brosch\u00fcren<\/h2>\n\t<\/div>\n\t\t<\/div>\n\t\t\t\t<\/div>\n\t\t\t\t\t<\/div>\n\t\t<\/div>\n\t\t\t\t\t<\/div>\n\t\t<\/section>\n\t\t\t\t<section class=\"elementor-section elementor-top-section elementor-element elementor-element-3c000a4 elementor-section-full_width elementor-section-height-min-height elementor-section-height-default elementor-section-items-middle\" data-id=\"3c000a4\" data-element_type=\"section\">\n\t\t\t\t\t\t<div class=\"elementor-container elementor-column-gap-default\">\n\t\t\t\t\t<div class=\"elementor-column elementor-col-100 elementor-top-column elementor-element elementor-element-73f54e6\" data-id=\"73f54e6\" data-element_type=\"column\">\n\t\t\t<div class=\"elementor-widget-wrap\">\n\t\t\t\t\t\t\t<\/div>\n\t\t<\/div>\n\t\t\t\t\t<\/div>\n\t\t<\/section>\n\t\t\t\t<section class=\"elementor-section elementor-top-section elementor-element elementor-element-3db630c qodef-elementor-content-grid elementor-section-boxed elementor-section-height-default elementor-section-height-default\" data-id=\"3db630c\" data-element_type=\"section\">\n\t\t\t\t\t\t<div class=\"elementor-container elementor-column-gap-default\">\n\t\t\t\t\t<div class=\"elementor-column elementor-col-100 elementor-top-column elementor-element elementor-element-64d6e59\" data-id=\"64d6e59\" data-element_type=\"column\" data-settings=\"{&quot;background_background&quot;:&quot;classic&quot;}\">\n\t\t\t<div class=\"elementor-widget-wrap elementor-element-populated\">\n\t\t\t\t\t\t<div class=\"elementor-element elementor-element-036da8a elementor-widget-tablet__width-inherit elementor-widget elementor-widget-onegoal_core_section_title\" data-id=\"036da8a\" data-element_type=\"widget\" data-widget_type=\"onegoal_core_section_title.default\">\n\t\t\t\t<div class=\"elementor-widget-container\">\n\t\t\t<div class=\"qodef-shortcode qodef-m  qodef-section-title qodef-alignment--left qodef-title-break--disabled\">\n\t\t<div class=\"qodef-m-subtitle\" >\n\t\tunsere Dateien\t<\/div>\n\t\t<\/div>\n\t\t<\/div>\n\t\t\t\t<\/div>\n\t\t\t\t<div class=\"elementor-element elementor-element-c94bb20 elementor-widget elementor-widget-text-editor\" data-id=\"c94bb20\" data-element_type=\"widget\" data-widget_type=\"text-editor.default\">\n\t\t\t\t<div class=\"elementor-widget-container\">\n\t\t\t\t\t\t\t<p>Willkommen in unserem Download-Bereich, wo Sie Zugang zu unseren Pr\u00e4sentationen, Brosch\u00fcren und mehr haben.<\/p>\t\t\t\t\t\t<\/div>\n\t\t\t\t<\/div>\n\t\t\t\t<div class=\"elementor-element elementor-element-4abfc76 elementor-widget-tablet__width-inherit elementor-widget elementor-widget-onegoal_core_icon_list_item\" data-id=\"4abfc76\" data-element_type=\"widget\" data-widget_type=\"onegoal_core_icon_list_item.default\">\n\t\t\t\t<div class=\"elementor-widget-container\">\n\t\t\t<div class=\"qodef-icon-list-item qodef-icon--icon-pack\" >\n\t<div class=\"qodef-e-title-inner\">\n\t\t<div class=\"qodef-icon-wrapper\" style=\"font-size: 30px\">\n\t\t\t<div class=\"qodef-icon-wrapper-inner\" style=\"font-size: 30px\">\n\t\t\t\t<span class=\"qodef-shortcode qodef-m  qodef-icon-holder  qodef-layout--normal\"  >\t\t\t<span class=\"qodef-icon-font-awesome fa fa-file-pdf qodef-icon qodef-e\" style=\"\" ><\/span>\t<\/span>\t\t\t<\/div>\n\t\t<\/div>\n\t\t<span class=\"qodef-e-title-text\"><a href=\"\/wp-content\/uploads\/Wertec_DigitalBrochure.pdf\" download>Wertec Digital Brosch\u00fcre 2024 (Englisch)<\/a><\/span>\n\t<\/div>\n<\/div>\n\t\t<\/div>\n\t\t\t\t<\/div>\n\t\t\t\t<div class=\"elementor-element elementor-element-deb571c elementor-widget-tablet__width-inherit elementor-widget elementor-widget-onegoal_core_icon_list_item\" data-id=\"deb571c\" data-element_type=\"widget\" data-widget_type=\"onegoal_core_icon_list_item.default\">\n\t\t\t\t<div class=\"elementor-widget-container\">\n\t\t\t<div class=\"qodef-icon-list-item qodef-icon--icon-pack\" >\n\t<div class=\"qodef-e-title-inner\">\n\t\t<div class=\"qodef-icon-wrapper\" style=\"font-size: 30px\">\n\t\t\t<div class=\"qodef-icon-wrapper-inner\" style=\"font-size: 30px\">\n\t\t\t\t<span class=\"qodef-shortcode qodef-m  qodef-icon-holder  qodef-layout--normal\"  >\t\t\t<span class=\"qodef-icon-font-awesome fa fa-file-pdf qodef-icon qodef-e\" style=\"\" ><\/span>\t<\/span>\t\t\t<\/div>\n\t\t<\/div>\n\t\t<span class=\"qodef-e-title-text\"><a href=\"\/wp-content\/uploads\/Wertec_DE_Brochure.pdf\" download>Wertec Digital Brosch\u00fcre 2024 (Deutsch)<\/a><\/span>\n\t<\/div>\n<\/div>\n\t\t<\/div>\n\t\t\t\t<\/div>\n\t\t\t\t<div class=\"elementor-element elementor-element-9ec677d elementor-widget-tablet__width-inherit elementor-widget elementor-widget-onegoal_core_icon_list_item\" data-id=\"9ec677d\" data-element_type=\"widget\" data-widget_type=\"onegoal_core_icon_list_item.default\">\n\t\t\t\t<div class=\"elementor-widget-container\">\n\t\t\t<div class=\"qodef-icon-list-item qodef-icon--icon-pack\" >\n\t<div class=\"qodef-e-title-inner\">\n\t\t<div class=\"qodef-icon-wrapper\" style=\"font-size: 30px\">\n\t\t\t<div class=\"qodef-icon-wrapper-inner\" style=\"font-size: 30px\">\n\t\t\t\t<span class=\"qodef-shortcode qodef-m  qodef-icon-holder  qodef-layout--normal\"  >\t\t\t<span class=\"qodef-icon-font-awesome fa fa-file-pdf qodef-icon qodef-e\" style=\"\" ><\/span>\t<\/span>\t\t\t<\/div>\n\t\t<\/div>\n\t\t<span class=\"qodef-e-title-text\"><a href=\"\/wp-content\/uploads\/EPS_testing_services.pdf\" download>Wertec EPS-Pr\u00fcfdienstleistungen<\/a><\/span>\n\t<\/div>\n<\/div>\n\t\t<\/div>\n\t\t\t\t<\/div>\n\t\t\t\t\t<\/div>\n\t\t<\/div>\n\t\t\t\t\t<\/div>\n\t\t<\/section>\n\t\t\t\t<section class=\"elementor-section elementor-top-section elementor-element elementor-element-e14e05f elementor-section-full_width elementor-section-height-min-height elementor-section-height-default elementor-section-items-middle\" data-id=\"e14e05f\" data-element_type=\"section\">\n\t\t\t\t\t\t<div class=\"elementor-container elementor-column-gap-no\">\n\t\t\t\t\t<div class=\"elementor-column elementor-col-100 elementor-top-column elementor-element elementor-element-abcf0a8\" data-id=\"abcf0a8\" data-element_type=\"column\">\n\t\t\t<div class=\"elementor-widget-wrap\">\n\t\t\t\t\t\t\t<\/div>\n\t\t<\/div>\n\t\t\t\t\t<\/div>\n\t\t<\/section>\n\t\t\t\t<\/div>","protected":false},"excerpt":{"rendered":"<p>Downloads Unsere Dateien Unsere Dateien Willkommen in unserem Download-Bereich, Ihrem Zugang zu unseren Pr\u00e4sentationen, Brosch\u00fcren und mehr. Wertec Digitale Brosch\u00fcre 2024 (Englisch) Wertec Digitale Brosch\u00fcre 2024 (Deutsch) Wertec EPS Testing Services<\/p>","protected":false},"author":1,"featured_media":0,"parent":0,"menu_order":0,"comment_status":"closed","ping_status":"closed","template":"page-full-width.php","meta":{"slim_seo":{"description":"Download our files and brochures."},"footnotes":""},"class_list":["post-8202","page","type-page","status-publish","hentry"],"_links":{"self":[{"href":"https:\/\/www.wertec-gmbh.at\/de\/wp-json\/wp\/v2\/pages\/8202","targetHints":{"allow":["GET"]}}],"collection":[{"href":"https:\/\/www.wertec-gmbh.at\/de\/wp-json\/wp\/v2\/pages"}],"about":[{"href":"https:\/\/www.wertec-gmbh.at\/de\/wp-json\/wp\/v2\/types\/page"}],"author":[{"embeddable":true,"href":"https:\/\/www.wertec-gmbh.at\/de\/wp-json\/wp\/v2\/users\/1"}],"replies":[{"embeddable":true,"href":"https:\/\/www.wertec-gmbh.at\/de\/wp-json\/wp\/v2\/comments?post=8202"}],"version-history":[{"count":50,"href":"https:\/\/www.wertec-gmbh.at\/de\/wp-json\/wp\/v2\/pages\/8202\/revisions"}],"predecessor-version":[{"id":8447,"href":"https:\/\/www.wertec-gmbh.at\/de\/wp-json\/wp\/v2\/pages\/8202\/revisions\/8447"}],"wp:attachment":[{"href":"https:\/\/www.wertec-gmbh.at\/de\/wp-json\/wp\/v2\/media?parent=8202"}],"curies":[{"name":"wp","href":"https:\/\/api.w.org\/{rel}","templated":true}]}}