{"id":8231,"date":"2024-04-06T13:34:33","date_gmt":"2024-04-06T11:34:33","guid":{"rendered":"https:\/\/wertec.absentico.net\/?page_id=8231"},"modified":"2024-05-13T17:59:17","modified_gmt":"2024-05-13T15:59:17","slug":"industries","status":"publish","type":"page","link":"https:\/\/www.wertec-gmbh.at\/de\/industries\/","title":{"rendered":"Branchen"},"content":{"rendered":"<div data-elementor-type=\"wp-page\" data-elementor-id=\"8231\" class=\"elementor elementor-8231\" data-elementor-post-type=\"page\">\n\t\t\t\t\t\t<section class=\"elementor-section elementor-top-section elementor-element elementor-element-22b1769 elementor-section-full_width elementor-section-height-default elementor-section-height-default\" data-id=\"22b1769\" data-element_type=\"section\">\n\t\t\t\t\t\t<div class=\"elementor-container elementor-column-gap-default\">\n\t\t\t\t\t<div class=\"elementor-column elementor-col-100 elementor-top-column elementor-element elementor-element-6889d8e\" data-id=\"6889d8e\" data-element_type=\"column\">\n\t\t\t<div class=\"elementor-widget-wrap elementor-element-populated\">\n\t\t\t\t\t\t<div class=\"elementor-element elementor-element-8a1c8ba elementor-widget elementor-widget-onegoal_core_section_title\" data-id=\"8a1c8ba\" data-element_type=\"widget\" data-widget_type=\"onegoal_core_section_title.default\">\n\t\t\t\t<div class=\"elementor-widget-container\">\n\t\t\t<div class=\"qodef-shortcode qodef-m  qodef-section-title qodef-alignment--left\">\n\t\t<div class=\"qodef-m-subtitle\" style=\"margin-bottom: 15px\">\n\t\tBranchen\t<\/div>\n\t\t<h2 class=\"qodef-m-title\" >\n\t\t\t\t\t<span class=\"qodef-m-decorated\">Branchen<\/span> <span class=\"qodef-m-decorated\">Wir<\/span> <span class=\"qodef-m-decorated\">Abdeckung<\/span> \t\t\t<\/h2>\n\t<\/div>\n\t\t<\/div>\n\t\t\t\t<\/div>\n\t\t\t\t\t<\/div>\n\t\t<\/div>\n\t\t\t\t\t<\/div>\n\t\t<\/section>\n\t\t\t\t<section class=\"elementor-section elementor-top-section elementor-element elementor-element-eb1b886 elementor-section-full_width elementor-section-height-min-height elementor-section-height-default elementor-section-items-middle\" data-id=\"eb1b886\" data-element_type=\"section\">\n\t\t\t\t\t\t<div class=\"elementor-container elementor-column-gap-default\">\n\t\t\t\t\t<div class=\"elementor-column elementor-col-100 elementor-top-column elementor-element elementor-element-a624d69\" data-id=\"a624d69\" data-element_type=\"column\">\n\t\t\t<div class=\"elementor-widget-wrap\">\n\t\t\t\t\t\t\t<\/div>\n\t\t<\/div>\n\t\t\t\t\t<\/div>\n\t\t<\/section>\n\t\t\t\t<section class=\"elementor-section elementor-top-section elementor-element elementor-element-dd53458 qodef-elementor-content-grid elementor-section-boxed elementor-section-height-default elementor-section-height-default\" data-id=\"dd53458\" data-element_type=\"section\">\n\t\t\t\t\t\t<div class=\"elementor-container elementor-column-gap-default\">\n\t\t\t\t\t<div class=\"elementor-column elementor-col-50 elementor-top-column elementor-element elementor-element-67f51e1\" data-id=\"67f51e1\" data-element_type=\"column\" data-settings=\"{&quot;background_background&quot;:&quot;classic&quot;}\">\n\t\t\t<div class=\"elementor-widget-wrap elementor-element-populated\">\n\t\t\t\t\t\t<div class=\"elementor-element elementor-element-c59c8d7 elementor-widget-tablet__width-inherit elementor-widget elementor-widget-onegoal_core_section_title\" data-id=\"c59c8d7\" data-element_type=\"widget\" data-widget_type=\"onegoal_core_section_title.default\">\n\t\t\t\t<div class=\"elementor-widget-container\">\n\t\t\t<div class=\"qodef-shortcode qodef-m  qodef-section-title qodef-alignment--left qodef-title-break--disabled\">\n\t\t<div class=\"qodef-m-subtitle\" >\n\t\tKautschukindustrie\t<\/div>\n\t\t<\/div>\n\t\t<\/div>\n\t\t\t\t<\/div>\n\t\t\t\t<div class=\"elementor-element elementor-element-9e47796 elementor-widget elementor-widget-text-editor\" data-id=\"9e47796\" data-element_type=\"widget\" data-widget_type=\"text-editor.default\">\n\t\t\t\t<div class=\"elementor-widget-container\">\n\t\t\t\t\t\t\t<p>Kautschuk wird in verschiedenen Industriezweigen wie der Automobilindustrie, dem Baugewerbe und der Medizintechnik eingesetzt, und der Kautschukmarkt w\u00e4chst stetig. Mit der steigenden Nachfrage auf diesem Markt w\u00e4chst auch das weltweite Streben nach Nachhaltigkeit bei der Herstellung von Produkten auf Kautschukbasis, insbesondere im Hinblick auf die Verringerung der Toxizit\u00e4t und die Reduzierung des CO2-Fu\u00dfabdrucks.<\/p><p>F\u00fcr die Herstellung und Nutzung umweltfreundlicher Produkte der Kautschukindustrie gibt es mehrere Hauptpunkte: alternative Materialien, die herk\u00f6mmliche fossile Zusatzstoffe durch biobasierte ersetzen; Technologien f\u00fcr das Recycling von Kautschuk und Kreislaufwirtschaft, Transparenz und Regulierung in der Lieferkette von Naturkautschuk.<\/p><p>Unsere Chemiespezialisten verf\u00fcgen \u00fcber langj\u00e4hrige Erfahrung in der Kautschukindustrie und unterst\u00fctzen die Kautschukunternehmen bei ihrem \u00dcbergang zu einer nachhaltigeren Produktion durch pflanzenbasierte Zusatzstoffe, Energieeffizienzl\u00f6sungen und andere ma\u00dfgeschneiderte nachhaltige Entwicklungen.<\/p>\t\t\t\t\t\t<\/div>\n\t\t\t\t<\/div>\n\t\t\t\t\t<\/div>\n\t\t<\/div>\n\t\t\t\t<div class=\"elementor-column elementor-col-50 elementor-top-column elementor-element elementor-element-f92fb01\" data-id=\"f92fb01\" data-element_type=\"column\">\n\t\t\t<div class=\"elementor-widget-wrap elementor-element-populated\">\n\t\t\t\t\t\t<div class=\"elementor-element elementor-element-d81324b elementor-widget__width-auto elementor-widget elementor-widget-onegoal_core_single_image\" data-id=\"d81324b\" data-element_type=\"widget\" data-widget_type=\"onegoal_core_single_image.default\">\n\t\t\t\t<div class=\"elementor-widget-container\">\n\t\t\t<div class=\"qodef-shortcode qodef-m  qodef-single-image qodef-layout--default\" style=\"--qode-border-radius: 0px\">\n\t\t\t<div class=\"qodef-m-image\">\n\t\t\t\t\t\t\t\t<img fetchpriority=\"high\" decoding=\"async\" width=\"1000\" height=\"1000\" src=\"https:\/\/www.wertec-gmbh.at\/wp-content\/uploads\/wertec-industries-271701.jpg\" class=\"attachment-full size-full\" alt=\"Wertec Industries 271701\" srcset=\"https:\/\/www.wertec-gmbh.at\/wp-content\/uploads\/wertec-industries-271701.jpg 1000w, https:\/\/www.wertec-gmbh.at\/wp-content\/uploads\/wertec-industries-271701-300x300.jpg 300w, https:\/\/www.wertec-gmbh.at\/wp-content\/uploads\/wertec-industries-271701-150x150.jpg 150w, https:\/\/www.wertec-gmbh.at\/wp-content\/uploads\/wertec-industries-271701-768x768.jpg 768w, https:\/\/www.wertec-gmbh.at\/wp-content\/uploads\/wertec-industries-271701-650x650.jpg 650w\" sizes=\"(max-width: 1000px) 100vw, 1000px\" \/>\t\t\t\t\t\t\t<\/div>\n\t<\/div>\n\t\t<\/div>\n\t\t\t\t<\/div>\n\t\t\t\t\t<\/div>\n\t\t<\/div>\n\t\t\t\t\t<\/div>\n\t\t<\/section>\n\t\t\t\t<section class=\"elementor-section elementor-top-section elementor-element elementor-element-b7dbc87 qodef-elementor-content-grid elementor-reverse-mobile elementor-section-boxed elementor-section-height-default elementor-section-height-default\" data-id=\"b7dbc87\" data-element_type=\"section\">\n\t\t\t\t\t\t<div class=\"elementor-container elementor-column-gap-default\">\n\t\t\t\t\t<div class=\"elementor-column elementor-col-50 elementor-top-column elementor-element elementor-element-61735ba\" data-id=\"61735ba\" data-element_type=\"column\">\n\t\t\t<div class=\"elementor-widget-wrap elementor-element-populated\">\n\t\t\t\t\t\t<div class=\"elementor-element elementor-element-e0a79be elementor-widget__width-auto elementor-widget elementor-widget-onegoal_core_single_image\" data-id=\"e0a79be\" data-element_type=\"widget\" data-widget_type=\"onegoal_core_single_image.default\">\n\t\t\t\t<div class=\"elementor-widget-container\">\n\t\t\t<div class=\"qodef-shortcode qodef-m  qodef-single-image qodef-layout--default\" style=\"--qode-border-radius: 0px\">\n\t\t\t<div class=\"qodef-m-image\">\n\t\t\t\t\t\t\t\t<img decoding=\"async\" width=\"1000\" height=\"1000\" src=\"https:\/\/www.wertec-gmbh.at\/wp-content\/uploads\/wertec-industries-031424.jpg\" class=\"attachment-full size-full\" alt=\"Wertec Industries 031424\" srcset=\"https:\/\/www.wertec-gmbh.at\/wp-content\/uploads\/wertec-industries-031424.jpg 1000w, https:\/\/www.wertec-gmbh.at\/wp-content\/uploads\/wertec-industries-031424-300x300.jpg 300w, https:\/\/www.wertec-gmbh.at\/wp-content\/uploads\/wertec-industries-031424-150x150.jpg 150w, https:\/\/www.wertec-gmbh.at\/wp-content\/uploads\/wertec-industries-031424-768x768.jpg 768w, https:\/\/www.wertec-gmbh.at\/wp-content\/uploads\/wertec-industries-031424-12x12.jpg 12w, https:\/\/www.wertec-gmbh.at\/wp-content\/uploads\/wertec-industries-031424-650x650.jpg 650w\" sizes=\"(max-width: 1000px) 100vw, 1000px\" \/>\t\t\t\t\t\t\t<\/div>\n\t<\/div>\n\t\t<\/div>\n\t\t\t\t<\/div>\n\t\t\t\t\t<\/div>\n\t\t<\/div>\n\t\t\t\t<div class=\"elementor-column elementor-col-50 elementor-top-column elementor-element elementor-element-8607abe\" data-id=\"8607abe\" data-element_type=\"column\">\n\t\t\t<div class=\"elementor-widget-wrap elementor-element-populated\">\n\t\t\t\t\t\t<section class=\"elementor-section elementor-inner-section elementor-element elementor-element-9cee89c elementor-section-full_width elementor-section-height-default elementor-section-height-default\" data-id=\"9cee89c\" data-element_type=\"section\">\n\t\t\t\t\t\t<div class=\"elementor-container elementor-column-gap-default\">\n\t\t\t\t\t<div class=\"elementor-column elementor-col-100 elementor-inner-column elementor-element elementor-element-e8a0687\" data-id=\"e8a0687\" data-element_type=\"column\">\n\t\t\t<div class=\"elementor-widget-wrap elementor-element-populated\">\n\t\t\t\t\t\t<div class=\"elementor-element elementor-element-690f5f0 elementor-widget-tablet__width-inherit elementor-widget elementor-widget-onegoal_core_section_title\" data-id=\"690f5f0\" data-element_type=\"widget\" data-widget_type=\"onegoal_core_section_title.default\">\n\t\t\t\t<div class=\"elementor-widget-container\">\n\t\t\t<div class=\"qodef-shortcode qodef-m  qodef-section-title qodef-alignment--left qodef-title-break--disabled\">\n\t\t<div class=\"qodef-m-subtitle\" >\n\t\tKreislaufindustriesysteme\t<\/div>\n\t\t<\/div>\n\t\t<\/div>\n\t\t\t\t<\/div>\n\t\t\t\t<div class=\"elementor-element elementor-element-9197248 elementor-widget elementor-widget-text-editor\" data-id=\"9197248\" data-element_type=\"widget\" data-widget_type=\"text-editor.default\">\n\t\t\t\t<div class=\"elementor-widget-container\">\n\t\t\t\t\t\t\t<p>In der heutigen, sich rasch entwickelnden globalen Produktion gewinnt das Konzept der Kreislaufwirtschaft immer mehr an Bedeutung. Allein in den letzten f\u00fcnf Jahren wurden rund 500 Milliarden Tonnen an Materialien verbraucht, fast so viel wie im gesamten 20. Jahrhundert, und diese Ressourcenausbeutungsrate hat bereits dazu gef\u00fchrt, dass wir f\u00fcnf der neun planetarischen Grenzwerte \u00fcberschritten haben.<\/p><p>Die Definition der Kreislaufwirtschaft umfasst die Optimierung von Ressourcen, die Minimierung von Abf\u00e4llen und die Begrenzung des Verbrauchs nicht erneuerbarer nat\u00fcrlicher Ressourcen. Die Wiederaufbereitung, das Recycling und die Wiederverwendung von materiellen Produkten sind die Grundvoraussetzung f\u00fcr die Kreislaufwirtschaft.<\/p><p>Kreislaufwirtschaft ist nicht nur eine Innovation, die Kosten spart, sondern sie reduziert die Materialintensit\u00e4t von Waren und Dienstleistungen, verringert den Energieverbrauch und minimiert die Umweltverschmutzung und -belastung.<\/p>\t\t\t\t\t\t<\/div>\n\t\t\t\t<\/div>\n\t\t\t\t\t<\/div>\n\t\t<\/div>\n\t\t\t\t\t<\/div>\n\t\t<\/section>\n\t\t\t\t\t<\/div>\n\t\t<\/div>\n\t\t\t\t\t<\/div>\n\t\t<\/section>\n\t\t\t\t<section class=\"elementor-section elementor-top-section elementor-element elementor-element-03f3289 qodef-elementor-content-grid elementor-section-boxed elementor-section-height-default elementor-section-height-default\" data-id=\"03f3289\" data-element_type=\"section\">\n\t\t\t\t\t\t<div class=\"elementor-container elementor-column-gap-default\">\n\t\t\t\t\t<div class=\"elementor-column elementor-col-50 elementor-top-column elementor-element elementor-element-6c79269\" data-id=\"6c79269\" data-element_type=\"column\" data-settings=\"{&quot;background_background&quot;:&quot;classic&quot;}\">\n\t\t\t<div class=\"elementor-widget-wrap elementor-element-populated\">\n\t\t\t\t\t\t<div class=\"elementor-element elementor-element-d300bb6 elementor-widget-tablet__width-inherit elementor-widget elementor-widget-onegoal_core_section_title\" data-id=\"d300bb6\" data-element_type=\"widget\" data-widget_type=\"onegoal_core_section_title.default\">\n\t\t\t\t<div class=\"elementor-widget-container\">\n\t\t\t<div class=\"qodef-shortcode qodef-m  qodef-section-title qodef-alignment--left qodef-title-break--disabled\">\n\t\t<div class=\"qodef-m-subtitle\" >\n\t\tErneuerbare Energie\t<\/div>\n\t\t<\/div>\n\t\t<\/div>\n\t\t\t\t<\/div>\n\t\t\t\t<div class=\"elementor-element elementor-element-fc3b701 elementor-widget elementor-widget-text-editor\" data-id=\"fc3b701\" data-element_type=\"widget\" data-widget_type=\"text-editor.default\">\n\t\t\t\t<div class=\"elementor-widget-container\">\n\t\t\t\t\t\t\t<p>Erneuerbare Energien sind der Schl\u00fcssel zum \u00dcbergang zu einem neuen Energiemodell, das zur wirtschaftlichen, sozialen und \u00f6kologischen Nachhaltigkeit beitr\u00e4gt. Sie nutzen nat\u00fcrliche Ressourcen, die im \u00dcberfluss vorhanden sind, st\u00e4ndig nachwachsen und \u00fcber den gesamten Planeten verteilt sind.<\/p><p>Die moderne Bioenergie ist heute mit 55 % der erneuerbaren Energien und einem Anteil von \u00fcber 6 % an der weltweiten Energieversorgung weltweit die gr\u00f6\u00dfte Quelle f\u00fcr erneuerbare Energien, w\u00e4hrend die geothermische Energie, obwohl sie ein kleinerer Sektor ist, kontinuierlich mit einer Rate von 5 % pro Jahr w\u00e4chst, mit der Tendenz zu einer immer weiter verbreiteten Entwicklung und Nutzung aller verf\u00fcgbaren Quellen.<\/p><p>Bei wertec entwickeln wir chemische L\u00f6sungen auf nat\u00fcrlicher Basis f\u00fcr die oben genannten Bereiche der erneuerbaren Energien. Unsere L\u00f6sungen zielen darauf ab, wirtschaftliche Effizienz und eine signifikante Reduzierung der CO2-Emissionen zu erreichen.<\/p>\t\t\t\t\t\t<\/div>\n\t\t\t\t<\/div>\n\t\t\t\t\t<\/div>\n\t\t<\/div>\n\t\t\t\t<div class=\"elementor-column elementor-col-50 elementor-top-column elementor-element elementor-element-40ef9e2\" data-id=\"40ef9e2\" data-element_type=\"column\">\n\t\t\t<div class=\"elementor-widget-wrap elementor-element-populated\">\n\t\t\t\t\t\t<div class=\"elementor-element elementor-element-31d74f2 elementor-widget__width-auto elementor-widget elementor-widget-onegoal_core_single_image\" data-id=\"31d74f2\" data-element_type=\"widget\" data-widget_type=\"onegoal_core_single_image.default\">\n\t\t\t\t<div class=\"elementor-widget-container\">\n\t\t\t<div class=\"qodef-shortcode qodef-m  qodef-single-image qodef-layout--default\" style=\"--qode-border-radius: 0px\">\n\t\t\t<div class=\"qodef-m-image\">\n\t\t\t\t\t\t\t\t<img decoding=\"async\" width=\"1000\" height=\"1000\" src=\"https:\/\/www.wertec-gmbh.at\/wp-content\/uploads\/wertec-industries-271702.jpg\" class=\"attachment-full size-full\" alt=\"Wertec Industries 271702\" srcset=\"https:\/\/www.wertec-gmbh.at\/wp-content\/uploads\/wertec-industries-271702.jpg 1000w, https:\/\/www.wertec-gmbh.at\/wp-content\/uploads\/wertec-industries-271702-300x300.jpg 300w, https:\/\/www.wertec-gmbh.at\/wp-content\/uploads\/wertec-industries-271702-150x150.jpg 150w, https:\/\/www.wertec-gmbh.at\/wp-content\/uploads\/wertec-industries-271702-768x768.jpg 768w, https:\/\/www.wertec-gmbh.at\/wp-content\/uploads\/wertec-industries-271702-650x650.jpg 650w\" sizes=\"(max-width: 1000px) 100vw, 1000px\" \/>\t\t\t\t\t\t\t<\/div>\n\t<\/div>\n\t\t<\/div>\n\t\t\t\t<\/div>\n\t\t\t\t\t<\/div>\n\t\t<\/div>\n\t\t\t\t\t<\/div>\n\t\t<\/section>\n\t\t\t\t<section class=\"elementor-section elementor-top-section elementor-element elementor-element-6ea0003 qodef-elementor-content-grid elementor-reverse-mobile elementor-section-boxed elementor-section-height-default elementor-section-height-default\" data-id=\"6ea0003\" data-element_type=\"section\">\n\t\t\t\t\t\t<div class=\"elementor-container elementor-column-gap-default\">\n\t\t\t\t\t<div class=\"elementor-column elementor-col-50 elementor-top-column elementor-element elementor-element-0c3a168\" data-id=\"0c3a168\" data-element_type=\"column\">\n\t\t\t<div class=\"elementor-widget-wrap elementor-element-populated\">\n\t\t\t\t\t\t<div class=\"elementor-element elementor-element-eac2f26 elementor-widget__width-auto elementor-widget elementor-widget-onegoal_core_single_image\" data-id=\"eac2f26\" data-element_type=\"widget\" data-widget_type=\"onegoal_core_single_image.default\">\n\t\t\t\t<div class=\"elementor-widget-container\">\n\t\t\t<div class=\"qodef-shortcode qodef-m  qodef-single-image qodef-layout--default\" style=\"--qode-border-radius: 0px\">\n\t\t\t<div class=\"qodef-m-image\">\n\t\t\t\t\t\t\t\t<img loading=\"lazy\" decoding=\"async\" width=\"1000\" height=\"1000\" src=\"https:\/\/www.wertec-gmbh.at\/wp-content\/uploads\/wertec-industries-271704.jpg\" class=\"attachment-full size-full\" alt=\"Wertec Industries 271704\" srcset=\"https:\/\/www.wertec-gmbh.at\/wp-content\/uploads\/wertec-industries-271704.jpg 1000w, https:\/\/www.wertec-gmbh.at\/wp-content\/uploads\/wertec-industries-271704-300x300.jpg 300w, https:\/\/www.wertec-gmbh.at\/wp-content\/uploads\/wertec-industries-271704-150x150.jpg 150w, https:\/\/www.wertec-gmbh.at\/wp-content\/uploads\/wertec-industries-271704-768x768.jpg 768w, https:\/\/www.wertec-gmbh.at\/wp-content\/uploads\/wertec-industries-271704-650x650.jpg 650w\" sizes=\"(max-width: 1000px) 100vw, 1000px\" \/>\t\t\t\t\t\t\t<\/div>\n\t<\/div>\n\t\t<\/div>\n\t\t\t\t<\/div>\n\t\t\t\t\t<\/div>\n\t\t<\/div>\n\t\t\t\t<div class=\"elementor-column elementor-col-50 elementor-top-column elementor-element elementor-element-97dcc68\" data-id=\"97dcc68\" data-element_type=\"column\">\n\t\t\t<div class=\"elementor-widget-wrap elementor-element-populated\">\n\t\t\t\t\t\t<section class=\"elementor-section elementor-inner-section elementor-element elementor-element-1f3b1a0 elementor-section-full_width elementor-section-height-default elementor-section-height-default\" data-id=\"1f3b1a0\" data-element_type=\"section\">\n\t\t\t\t\t\t<div class=\"elementor-container elementor-column-gap-default\">\n\t\t\t\t\t<div class=\"elementor-column elementor-col-100 elementor-inner-column elementor-element elementor-element-ade52d1\" data-id=\"ade52d1\" data-element_type=\"column\">\n\t\t\t<div class=\"elementor-widget-wrap elementor-element-populated\">\n\t\t\t\t\t\t<div class=\"elementor-element elementor-element-8cdae75 elementor-widget-tablet__width-inherit elementor-widget elementor-widget-onegoal_core_section_title\" data-id=\"8cdae75\" data-element_type=\"widget\" data-widget_type=\"onegoal_core_section_title.default\">\n\t\t\t\t<div class=\"elementor-widget-container\">\n\t\t\t<div class=\"qodef-shortcode qodef-m  qodef-section-title qodef-alignment--left qodef-title-break--disabled\">\n\t\t<div class=\"qodef-m-subtitle\" >\n\t\tBaumaterialien\t<\/div>\n\t\t<\/div>\n\t\t<\/div>\n\t\t\t\t<\/div>\n\t\t\t\t<div class=\"elementor-element elementor-element-eb1d4c9 elementor-widget elementor-widget-text-editor\" data-id=\"eb1d4c9\" data-element_type=\"widget\" data-widget_type=\"text-editor.default\">\n\t\t\t\t<div class=\"elementor-widget-container\">\n\t\t\t\t\t\t\t<p>Das Baugewerbe war schon immer einer der f\u00fchrenden Sektoren in der Weltwirtschaft, doch heute ist es einer der wichtigsten Wirtschaftszweige mit negativen Auswirkungen auf die Umwelt, der f\u00fcr bis zu 40 % der weltweiten CO2-Emissionen und 36 % des Energieverbrauchs verantwortlich ist. Dar\u00fcber hinaus zeigen neue Untersuchungen, dass der Bausektor f\u00fcr etwa 40 % des Aufkommens an festen Abf\u00e4llen verantwortlich ist und etwa 30 % der weltweiten Rohstoffe verbraucht.<\/p><p>Es ist mehr als klar, dass nachhaltiges Bauen und gr\u00fcnes Bauen nicht mehr nur ein moderner Trend sind, sondern immer wichtiger werden. Es gibt verschiedene Ans\u00e4tze, um Bauprojekte umweltfreundlicher zu gestalten. Einer der wichtigsten ist die Verwendung nachhaltiger Materialien, die biobasiert sind und aus erneuerbaren Ressourcen stammen, sowie die Verwendung von recycelten und wiederverwerteten Materialien, die den Abfall reduzieren. Zu den anderen geh\u00f6ren: erneuerbare Energien auf der Baustelle, verbesserte Wassereffizienz, neue nachhaltige Methoden f\u00fcr Bau und Design, Standortwahl und Planung. All diese Praktiken zielen nicht nur auf \u00f6kologische, sondern auch auf soziale, wirtschaftliche und finanzielle Vorteile ab.<\/p>\t\t\t\t\t\t<\/div>\n\t\t\t\t<\/div>\n\t\t\t\t\t<\/div>\n\t\t<\/div>\n\t\t\t\t\t<\/div>\n\t\t<\/section>\n\t\t\t\t\t<\/div>\n\t\t<\/div>\n\t\t\t\t\t<\/div>\n\t\t<\/section>\n\t\t\t\t<section class=\"elementor-section elementor-top-section elementor-element elementor-element-dd3b94d qodef-elementor-content-grid elementor-section-boxed elementor-section-height-default elementor-section-height-default\" data-id=\"dd3b94d\" data-element_type=\"section\">\n\t\t\t\t\t\t<div class=\"elementor-container elementor-column-gap-default\">\n\t\t\t\t\t<div class=\"elementor-column elementor-col-100 elementor-top-column elementor-element elementor-element-9e545e0\" data-id=\"9e545e0\" data-element_type=\"column\">\n\t\t\t<div class=\"elementor-widget-wrap\">\n\t\t\t\t\t\t\t<\/div>\n\t\t<\/div>\n\t\t\t\t\t<\/div>\n\t\t<\/section>\n\t\t\t\t<\/div>","protected":false},"excerpt":{"rendered":"<p>Branchen, die wir abdecken Kautschukindustrie Kautschuk ist in verschiedenen Branchen weit verbreitet, u. a. in der Automobil-, Bau- und Medizinbranche, und der Kautschukmarkt w\u00e4chst stetig. Mit der steigenden Nachfrage auf diesem Markt w\u00e4chst auch das weltweite Streben nach Nachhaltigkeit bei der Herstellung von Produkten auf Kautschukbasis, insbesondere im Hinblick auf die Verringerung der Toxizit\u00e4t und [...]<\/p>","protected":false},"author":1,"featured_media":0,"parent":0,"menu_order":0,"comment_status":"closed","ping_status":"closed","template":"page-full-width.php","meta":{"slim_seo":{"description":"Our R&D services offer sustainable solutions for the industries Rubber, Construction, Circular industrial systems, Energy. For a safer and environmentally friendly production."},"footnotes":""},"class_list":["post-8231","page","type-page","status-publish","hentry"],"_links":{"self":[{"href":"https:\/\/www.wertec-gmbh.at\/de\/wp-json\/wp\/v2\/pages\/8231","targetHints":{"allow":["GET"]}}],"collection":[{"href":"https:\/\/www.wertec-gmbh.at\/de\/wp-json\/wp\/v2\/pages"}],"about":[{"href":"https:\/\/www.wertec-gmbh.at\/de\/wp-json\/wp\/v2\/types\/page"}],"author":[{"embeddable":true,"href":"https:\/\/www.wertec-gmbh.at\/de\/wp-json\/wp\/v2\/users\/1"}],"replies":[{"embeddable":true,"href":"https:\/\/www.wertec-gmbh.at\/de\/wp-json\/wp\/v2\/comments?post=8231"}],"version-history":[{"count":40,"href":"https:\/\/www.wertec-gmbh.at\/de\/wp-json\/wp\/v2\/pages\/8231\/revisions"}],"predecessor-version":[{"id":8371,"href":"https:\/\/www.wertec-gmbh.at\/de\/wp-json\/wp\/v2\/pages\/8231\/revisions\/8371"}],"wp:attachment":[{"href":"https:\/\/www.wertec-gmbh.at\/de\/wp-json\/wp\/v2\/media?parent=8231"}],"curies":[{"name":"wp","href":"https:\/\/api.w.org\/{rel}","templated":true}]}}